{"id":1541,"date":"2020-09-30T11:11:00","date_gmt":"2020-09-30T08:11:00","guid":{"rendered":"http:\/\/www.asinagumus.com\/?page_id=24"},"modified":"2020-10-02T15:45:00","modified_gmt":"2020-10-02T12:45:00","slug":"en-asina-gumus","status":"publish","type":"page","link":"https:\/\/www.asinagumus.com\/?page_id=1541&lang=en","title":{"rendered":"ABOUT US"},"content":{"rendered":"<h2 class=\"wp-block-heading\">ABOUT US<\/h2><p class=\"has-text-align-left\">As A\u015fina G\u00fcm\u00fc\u015f, since 2010, we have been producing jewelry for you without compromising our basic principles such as product quality, customer satisfaction, quality of service and reliability.<\/p><p class=\"has-text-align-left\">By carefully preparing our products in our workshops, we offer you the most popular, trendy, trendy current products at affordable prices with special designs.<\/p><p class=\"has-text-align-left\">Our active sales sites:<\/p><div class=\"wp-block-group\"><div class=\"wp-block-group__inner-container is-layout-flow wp-block-group-is-layout-flow\"><table style=\"height: 225px; width: 100%; border-style: hidden; border-color: #ffffff; background-color: #ffffff;\">\n<tbody>\n<tr style=\"height: 106px;\">\n<td style=\"height: 106px; text-align: center; width: 25.3448%;\">\n<p><a href=\"https:\/\/www.instagram.com\/asinagumus\/?r=sun1\"><img loading=\"lazy\" decoding=\"async\" class=\"wp-image-535 aligncenter\" src=\"https:\/\/www.asinagumus.com\/wp-content\/uploads\/2017\/04\/instagram.jpg\" alt=\"instagram\" width=\"47\" height=\"47\" \/><\/a><a style=\"font-size: inherit; font-family: inherit; font-weight: inherit;\" href=\"https:\/\/www.instagram.com\/asinagumus\/?r=sun1\">instagram<\/a><\/p>\n<\/td>\n<td style=\"height: 106px; text-align: center; width: 22.5862%;\"><a href=\"https:\/\/tr-tr.facebook.com\/pages\/category\/Jewelry-Watches\/A%C5%9Fina-G%C3%BCm%C3%BC%C5%9F-%C3%9Csk%C3%BCdar-2163411838-279670318768688\/\"><img loading=\"lazy\" decoding=\"async\" class=\"wp-image-1652 aligncenter\" src=\"https:\/\/www.asinagumus.com\/wp-content\/uploads\/2020\/10\/fb_icon_325x325-300x300.png\" alt=\"\" width=\"50\" height=\"50\" srcset=\"https:\/\/www.asinagumus.com\/wp-content\/uploads\/2020\/10\/fb_icon_325x325-300x300.png 300w, https:\/\/www.asinagumus.com\/wp-content\/uploads\/2020\/10\/fb_icon_325x325-150x150.png 150w, https:\/\/www.asinagumus.com\/wp-content\/uploads\/2020\/10\/fb_icon_325x325-320x320.png 320w, https:\/\/www.asinagumus.com\/wp-content\/uploads\/2020\/10\/fb_icon_325x325-100x100.png 100w, https:\/\/www.asinagumus.com\/wp-content\/uploads\/2020\/10\/fb_icon_325x325.png 325w\" sizes=\"auto, (max-width: 50px) 100vw, 50px\" \/><\/a><a href=\"https:\/\/tr-tr.facebook.com\/pages\/category\/Jewelry-Watches\/A%C5%9Fina-G%C3%BCm%C3%BC%C5%9F-%C3%9Csk%C3%BCdar-2163411838-279670318768688\/\">facebook<\/a><\/td>\n<td style=\"height: 106px; text-align: center; width: 28.4483%;\"><a href=\"http:\/\/dukkanlar.gittigidiyor.com\/Asina_Gumus\/\"><img loading=\"lazy\" decoding=\"async\" class=\"wp-image-536 aligncenter\" src=\"https:\/\/www.asinagumus.com\/wp-content\/uploads\/2016\/10\/gittigidiyor.jpg\" alt=\"gittigidiyor\" width=\"52\" height=\"52\" \/><\/a><a href=\"http:\/\/dukkanlar.gittigidiyor.com\/Asina_Gumus\/\">gittigiyor<\/a><\/td>\n<td style=\"height: 106px; text-align: center; width: 21.8966%;\"><a href=\"http:\/\/www.n11.com\/magaza\/asinagumus\"><img loading=\"lazy\" decoding=\"async\" class=\"wp-image-537 aligncenter\" src=\"https:\/\/www.asinagumus.com\/wp-content\/uploads\/2016\/10\/n11.jpeg\" alt=\"n11\" width=\"54\" height=\"54\" srcset=\"https:\/\/www.asinagumus.com\/wp-content\/uploads\/2016\/10\/n11.jpeg 100w, https:\/\/www.asinagumus.com\/wp-content\/uploads\/2016\/10\/n11-90x90.jpeg 90w, https:\/\/www.asinagumus.com\/wp-content\/uploads\/2016\/10\/n11-80x80.jpeg 80w\" sizes=\"auto, (max-width: 54px) 100vw, 54px\" \/><\/a><a style=\"font-family: inherit; font-size: inherit; font-weight: inherit;\" href=\"http:\/\/www.n11.com\/magaza\/asinagumus\">n11<\/a><\/td>\n<\/tr>\n<tr style=\"height: 119px;\">\n<td style=\"height: 119px; text-align: center; width: 25.3448%;\"><a href=\"https:\/\/www.trendyol.com\/magaza\/asina-gumus-m-111157?sst=0\"><img loading=\"lazy\" decoding=\"async\" class=\"wp-image-1651 aligncenter\" src=\"https:\/\/www.asinagumus.com\/wp-content\/uploads\/2020\/10\/trendyol-logo-e1601636637234-300x300.png\" alt=\"\" width=\"50\" height=\"50\" srcset=\"https:\/\/www.asinagumus.com\/wp-content\/uploads\/2020\/10\/trendyol-logo-e1601636637234-300x300.png 300w, https:\/\/www.asinagumus.com\/wp-content\/uploads\/2020\/10\/trendyol-logo-e1601636637234-150x150.png 150w, https:\/\/www.asinagumus.com\/wp-content\/uploads\/2020\/10\/trendyol-logo-e1601636637234-320x318.png 320w, https:\/\/www.asinagumus.com\/wp-content\/uploads\/2020\/10\/trendyol-logo-e1601636637234-100x100.png 100w, https:\/\/www.asinagumus.com\/wp-content\/uploads\/2020\/10\/trendyol-logo-e1601636637234.png 414w\" sizes=\"auto, (max-width: 50px) 100vw, 50px\" \/><\/a><a href=\"https:\/\/www.trendyol.com\/magaza\/asina-gumus-m-111157?sst=0\">trendyol<\/a><\/td>\n<td style=\"height: 119px; text-align: center; width: 22.5862%;\"><a href=\"http:\/\/www.ebay.com\/usr\/jewelsfromistanbul\"><img loading=\"lazy\" decoding=\"async\" class=\"wp-image-539 aligncenter\" src=\"https:\/\/www.asinagumus.com\/wp-content\/uploads\/2016\/10\/ebay_icon.jpg\" alt=\"ebay_icon\" width=\"53\" height=\"53\" srcset=\"https:\/\/www.asinagumus.com\/wp-content\/uploads\/2016\/10\/ebay_icon.jpg 100w, https:\/\/www.asinagumus.com\/wp-content\/uploads\/2016\/10\/ebay_icon-90x90.jpg 90w, https:\/\/www.asinagumus.com\/wp-content\/uploads\/2016\/10\/ebay_icon-80x80.jpg 80w\" sizes=\"auto, (max-width: 53px) 100vw, 53px\" \/><\/a><a href=\"http:\/\/www.ebay.com\/usr\/jewelsfromistanbul\">ebay<\/a><\/td>\n<td style=\"height: 119px; text-align: center; width: 28.4483%;\"><a href=\"https:\/\/www.etsy.com\/shop\/jewelsfromstanbul?ref=seller-platform-mcnav\"><img loading=\"lazy\" decoding=\"async\" class=\" wp-image-1650 aligncenter\" src=\"https:\/\/www.asinagumus.com\/wp-content\/uploads\/2020\/10\/Etsy-Logo-300x169.png\" alt=\"\" width=\"87\" height=\"49\" srcset=\"https:\/\/www.asinagumus.com\/wp-content\/uploads\/2020\/10\/Etsy-Logo-300x169.png 300w, https:\/\/www.asinagumus.com\/wp-content\/uploads\/2020\/10\/Etsy-Logo-1024x576.png 1024w, https:\/\/www.asinagumus.com\/wp-content\/uploads\/2020\/10\/Etsy-Logo-768x432.png 768w, https:\/\/www.asinagumus.com\/wp-content\/uploads\/2020\/10\/Etsy-Logo-1536x864.png 1536w, https:\/\/www.asinagumus.com\/wp-content\/uploads\/2020\/10\/Etsy-Logo-320x180.png 320w, https:\/\/www.asinagumus.com\/wp-content\/uploads\/2020\/10\/Etsy-Logo.png 1920w\" sizes=\"auto, (max-width: 87px) 100vw, 87px\" \/><\/a><a href=\"https:\/\/www.etsy.com\/shop\/jewelsfromstanbul?ref=seller-platform-mcnav\">etsy<\/a><\/td>\n<td style=\"height: 119px; text-align: center; width: 21.8966%;\"><a href=\"https:\/\/www.butikgez.com\/Butik\/asina-gumus\"><img loading=\"lazy\" decoding=\"async\" class=\"wp-image-538 aligncenter\" src=\"https:\/\/www.asinagumus.com\/wp-content\/uploads\/2016\/10\/butikgez.jpg\" alt=\"butikgez\" width=\"51\" height=\"51\" srcset=\"https:\/\/www.asinagumus.com\/wp-content\/uploads\/2016\/10\/butikgez.jpg 100w, https:\/\/www.asinagumus.com\/wp-content\/uploads\/2016\/10\/butikgez-90x90.jpg 90w, https:\/\/www.asinagumus.com\/wp-content\/uploads\/2016\/10\/butikgez-80x80.jpg 80w\" sizes=\"auto, (max-width: 51px) 100vw, 51px\" \/><\/a><a href=\"https:\/\/www.butikgez.com\/Butik\/asina-gumus\">butikgez<\/a><\/td>\n<\/tr>\n<\/tbody>\n<\/table><\/div><\/div>","protected":false},"excerpt":{"rendered":"<p>ABOUT US As A\u015fina G\u00fcm\u00fc\u015f, since 2010, we have been producing jewelry for you without compromising our basic principles such as product quality, customer satisfaction, quality of service and reliability.<\/p>\n","protected":false},"author":1,"featured_media":0,"parent":0,"menu_order":1,"comment_status":"closed","ping_status":"closed","template":"","meta":{"footnotes":""},"class_list":["post-1541","page","type-page","status-publish","hentry"],"_links":{"self":[{"href":"https:\/\/www.asinagumus.com\/index.php?rest_route=\/wp\/v2\/pages\/1541","targetHints":{"allow":["GET"]}}],"collection":[{"href":"https:\/\/www.asinagumus.com\/index.php?rest_route=\/wp\/v2\/pages"}],"about":[{"href":"https:\/\/www.asinagumus.com\/index.php?rest_route=\/wp\/v2\/types\/page"}],"author":[{"embeddable":true,"href":"https:\/\/www.asinagumus.com\/index.php?rest_route=\/wp\/v2\/users\/1"}],"replies":[{"embeddable":true,"href":"https:\/\/www.asinagumus.com\/index.php?rest_route=%2Fwp%2Fv2%2Fcomments&post=1541"}],"version-history":[{"count":17,"href":"https:\/\/www.asinagumus.com\/index.php?rest_route=\/wp\/v2\/pages\/1541\/revisions"}],"predecessor-version":[{"id":1683,"href":"https:\/\/www.asinagumus.com\/index.php?rest_route=\/wp\/v2\/pages\/1541\/revisions\/1683"}],"wp:attachment":[{"href":"https:\/\/www.asinagumus.com\/index.php?rest_route=%2Fwp%2Fv2%2Fmedia&parent=1541"}],"curies":[{"name":"wp","href":"https:\/\/api.w.org\/{rel}","templated":true}]}}