{"id":1809,"date":"2021-01-12T20:34:14","date_gmt":"2021-01-12T17:34:14","guid":{"rendered":"https:\/\/www.asinagumus.com\/?page_id=1809"},"modified":"2021-01-12T23:14:29","modified_gmt":"2021-01-12T20:14:29","slug":"gizlilik-politikasi","status":"publish","type":"page","link":"https:\/\/www.asinagumus.com\/?page_id=1809","title":{"rendered":"Gizlilik Politikas\u0131"},"content":{"rendered":"<ul>\n<li><strong>Gizlilik ve G\u00fcvenlik<\/strong><\/li>\n<\/ul>\n<ol>\n<li>A\u015fina G\u00fcm\u00fc\u015f\u2019\u00fc ziyaret etmek i\u00e7in herhangi bir ki\u015fisel bilginizi vermeniz gerekmemektedir.<\/li>\n<li>A\u015fina G\u00fcm\u00fc\u015f\u2019e \u00fcye olmak ya da al\u0131\u015fveri\u015f yapmak i\u00e7in baz\u0131 ki\u015fisel bilgilerinizi vermeniz gerekmektedir. Ki\u015fisel bilgilerinizin gizlili\u011fi korunmaktad\u0131r. A\u015fina G\u00fcm\u00fc\u015f, bu bilgileri \u00fc\u00e7\u00fcnc\u00fc \u015fah\u0131s, kurum kurulu\u015flarla payla\u015fmaz.<\/li>\n<li>\u0130nternet sitesinde \u00f6deme esnas\u0131nda d\u00fcnyan\u0131n en g\u00fc\u00e7l\u00fc \u015fifreleme sistemelerinden birisi olan SSL sertifikalar\u0131 kullanmaktad\u0131r\u00a0ve kredi kart\u0131 bilgilerinizin gizlili\u011fini ve g\u00fcvenli\u011fini bu yolla sa\u011flamaktad\u0131r. \u0130\u015flem s\u0131ras\u0131nda girdi\u011finiz kart bilgileri A\u015fina G\u00fcm\u00fc\u015f\u2019e ula\u015fmadan \u015fifrelenmi\u015f olarak Al\u0131\u015fveri\u015finiz s\u0131ras\u0131nda iyzico g\u00fcvenli al\u0131\u015fveri\u015f sistemine y\u00f6nlendirilirsiniz. \u0130yzico \u00d6deme sistemi taraf\u0131ndan, onay i\u00e7in bankaya y\u00f6nlendirilmektedir.<\/li>\n<\/ol>\n<p>Bu nedenle ne A\u015fina G\u00fcm\u00fc\u015f \u00e7al\u0131\u015fanlar\u0131n\u0131n ne de di\u011fer 3. \u015fah\u0131slar\u0131n kart bilgilerinize ula\u015fmas\u0131 ihtimali yoktur. Kart bilgileri veritaban\u0131m\u0131za hi\u00e7 bir zaman kaydedilmez.<\/p>\n<ol start=\"4\">\n<li>Gerekli durumlarda, sizi tan\u0131mam\u0131zda yard\u0131mc\u0131 olmas\u0131, ki\u015fiselle\u015ftirilmi\u015f \u00fcst\u00fcn bir al\u0131\u015fveri\u015f deneyimi ya\u015faman\u0131z amac\u0131yla &#8220;cookie&#8221; \u00e7erezler olarak adland\u0131r\u0131lan bilgiler, bilgisayar\u0131n\u0131z taraf\u0131ndan uygun bulunan yere yerle\u015ftirilebilir. Cookie kullan\u0131m\u0131, internet \u00fczerinde standart olarak kabul edilen bir uygulamad\u0131r. Cookie&#8217;leri alma ayar\u0131n\u0131 dilerseniz web taray\u0131c\u0131n\u0131zdan de\u011fi\u015ftirebilirsiniz.<\/li>\n<li>A\u015fina G\u00fcm\u00fc\u015f\u2019e ba\u011flanarak al\u0131\u015fveri\u015f yap\u0131lan bilgisayarlar\u0131n IP adresleri, herhangi bir sahtecilik durumunda yasal mercilere iletilmek \u00fczere kay\u0131t alt\u0131na al\u0131nmaktad\u0131r.<\/li>\n<li>A\u015fina G\u00fcm\u00fc\u015f kulland\u0131\u011f\u0131n\u0131zda, yukar\u0131daki h\u00fck\u00fcm ve ko\u015fullar\u0131 okumu\u015f, anlam\u0131\u015f ve kabul etmi\u015f olmaktas\u0131n\u0131z.<\/li>\n<\/ol>\n<p>7.A\u015fina G\u00fcm\u00fc\u015f, \u00fcyelik s\u00f6zle\u015fmesi uyar\u0131nca, \u00fcyelerinin kendisinde kay\u0131tl\u0131 elektronik posta adreslerine bilgilendirme mailleri ve cep telefonlar\u0131na bilgilendirme SMS\u2019leri g\u00f6nderme yetkisine sahip olmakla beraber, \u00fcye, \u00fcyelik s\u00f6zle\u015fmesini onaylamas\u0131yla beraber bilgilendirme maillerinin elektronik posta adresine ve bilgilendirme SMS\u2019lerinin cep telefonuna g\u00f6nderilmesini kabul etmi\u015f say\u0131lacakt\u0131r.<\/p>\n<p>Gizlili\u011finiz ve g\u00fcvenli\u011finiz bizim i\u00e7in \u00f6nemlidir.<\/p>\n<p><em>Mutlu al\u0131\u015fveri\u015fler.<\/em><\/p>\n","protected":false},"excerpt":{"rendered":"<p>Gizlilik ve G\u00fcvenlik A\u015fina G\u00fcm\u00fc\u015f\u2019\u00fc ziyaret etmek i\u00e7in herhangi bir ki\u015fisel bilginizi vermeniz gerekmemektedir. A\u015fina G\u00fcm\u00fc\u015f\u2019e \u00fcye olmak ya da al\u0131\u015fveri\u015f yapmak i\u00e7in baz\u0131 ki\u015fisel bilgilerinizi vermeniz gerekmektedir. Ki\u015fisel bilgilerinizin<\/p>\n","protected":false},"author":1,"featured_media":0,"parent":0,"menu_order":0,"comment_status":"closed","ping_status":"closed","template":"","meta":{"footnotes":""},"class_list":["post-1809","page","type-page","status-publish","hentry"],"_links":{"self":[{"href":"https:\/\/www.asinagumus.com\/index.php?rest_route=\/wp\/v2\/pages\/1809","targetHints":{"allow":["GET"]}}],"collection":[{"href":"https:\/\/www.asinagumus.com\/index.php?rest_route=\/wp\/v2\/pages"}],"about":[{"href":"https:\/\/www.asinagumus.com\/index.php?rest_route=\/wp\/v2\/types\/page"}],"author":[{"embeddable":true,"href":"https:\/\/www.asinagumus.com\/index.php?rest_route=\/wp\/v2\/users\/1"}],"replies":[{"embeddable":true,"href":"https:\/\/www.asinagumus.com\/index.php?rest_route=%2Fwp%2Fv2%2Fcomments&post=1809"}],"version-history":[{"count":3,"href":"https:\/\/www.asinagumus.com\/index.php?rest_route=\/wp\/v2\/pages\/1809\/revisions"}],"predecessor-version":[{"id":1833,"href":"https:\/\/www.asinagumus.com\/index.php?rest_route=\/wp\/v2\/pages\/1809\/revisions\/1833"}],"wp:attachment":[{"href":"https:\/\/www.asinagumus.com\/index.php?rest_route=%2Fwp%2Fv2%2Fmedia&parent=1809"}],"curies":[{"name":"wp","href":"https:\/\/api.w.org\/{rel}","templated":true}]}}