{"id":1812,"date":"2021-01-12T20:34:56","date_gmt":"2021-01-12T17:34:56","guid":{"rendered":"https:\/\/www.asinagumus.com\/?page_id=1812"},"modified":"2021-01-12T20:34:56","modified_gmt":"2021-01-12T17:34:56","slug":"privacy-and-security","status":"publish","type":"page","link":"https:\/\/www.asinagumus.com\/?page_id=1812&lang=en","title":{"rendered":"Privacy and Security"},"content":{"rendered":"<ol>\n<li>You do not need to provide any personal information to visit A\u015fina G\u00fcm\u00fc\u015f.<\/li>\n<li>In order to become a member of A\u015fina G\u00fcm\u00fc\u015f or to shop, you need to provide some personal information. Privacy of your personal information.<\/li>\n<li>The website uses SSL certificates, one of the strongest encryption systems in the world, during payment, and ensures the privacy and security of your credit card information in this way. You will be forwarded to the iyzico secure shopping system during your shopping as encrypted before the card information you enter during the transaction reaches A\u015fina G\u00fcm\u00fc\u015f. It is directed to the bank for approval by the iyzico Payment system.<\/li>\n<\/ol>\n<p>Therefore, neither A\u015fina G\u00fcm\u00fc\u015f employees nor other third parties are likely to access your card information. Card information is never recorded in our database.<\/p>\n<ol start=\"4\">\n<li>When necessary, information called &#8220;cookie&#8221; cookies can be placed by your computer where it is deemed appropriate to help us recognize you and to have a superior personalized shopping experience. The use of cookies is a standard application on the internet. If you wish, you can change the setting for receiving cookies from your web browser.<\/li>\n<li>The IP addresses of the computers connected to A\u015fina G\u00fcm\u00fc\u015f are recorded to be forwarded to the legal authorities in case of any fraud.<\/li>\n<li>When you use A\u015fina G\u00fcm\u00fc\u015f, you have read, understood and accepted the above terms and conditions.<\/li>\n<\/ol>\n<p>7.A\u015fina G\u00fcm\u00fc\u015f, in accordance with the membership agreement, has the authority to send notification mails to the registered e-mail addresses of its members and notification SMS to their mobile phones, and the member agrees to send the notification e-mails to the e-mail address and the notification SMS to the mobile phone upon approval of the membership agreement. will be deemed to have.<\/p>\n<p>Your privacy and security are important to us.<\/p>\n<p>Happy shopping.<\/p>\n","protected":false},"excerpt":{"rendered":"<p>You do not need to provide any personal information to visit A\u015fina G\u00fcm\u00fc\u015f. In order to become a member of A\u015fina G\u00fcm\u00fc\u015f or to shop, you need to provide some<\/p>\n","protected":false},"author":1,"featured_media":0,"parent":0,"menu_order":0,"comment_status":"closed","ping_status":"closed","template":"","meta":{"footnotes":""},"class_list":["post-1812","page","type-page","status-publish","hentry"],"_links":{"self":[{"href":"https:\/\/www.asinagumus.com\/index.php?rest_route=\/wp\/v2\/pages\/1812","targetHints":{"allow":["GET"]}}],"collection":[{"href":"https:\/\/www.asinagumus.com\/index.php?rest_route=\/wp\/v2\/pages"}],"about":[{"href":"https:\/\/www.asinagumus.com\/index.php?rest_route=\/wp\/v2\/types\/page"}],"author":[{"embeddable":true,"href":"https:\/\/www.asinagumus.com\/index.php?rest_route=\/wp\/v2\/users\/1"}],"replies":[{"embeddable":true,"href":"https:\/\/www.asinagumus.com\/index.php?rest_route=%2Fwp%2Fv2%2Fcomments&post=1812"}],"version-history":[{"count":1,"href":"https:\/\/www.asinagumus.com\/index.php?rest_route=\/wp\/v2\/pages\/1812\/revisions"}],"predecessor-version":[{"id":1813,"href":"https:\/\/www.asinagumus.com\/index.php?rest_route=\/wp\/v2\/pages\/1812\/revisions\/1813"}],"wp:attachment":[{"href":"https:\/\/www.asinagumus.com\/index.php?rest_route=%2Fwp%2Fv2%2Fmedia&parent=1812"}],"curies":[{"name":"wp","href":"https:\/\/api.w.org\/{rel}","templated":true}]}}