{"id":1814,"date":"2021-01-12T20:37:43","date_gmt":"2021-01-12T17:37:43","guid":{"rendered":"https:\/\/www.asinagumus.com\/?page_id=1814"},"modified":"2021-01-12T23:01:18","modified_gmt":"2021-01-12T20:01:18","slug":"teslimat-ve-iade","status":"publish","type":"page","link":"https:\/\/www.asinagumus.com\/?page_id=1814","title":{"rendered":"Teslimat ve \u0130ade"},"content":{"rendered":"<h1>Teslimat ve Kargo<\/h1>\n<p>Sipari\u015finiz kargo firmas\u0131ndan size teslim edilene kadar A\u015fina G\u00fcm\u00fc\u015f sorumlulu\u011fu ve g\u00fcvencesi alt\u0131ndad\u0131r.<\/p>\n<ol>\n<li>A\u015fina G\u00fcm\u00fc\u015f&#8217;de yap\u0131lan al\u0131\u015fveri\u015flerin teslimat\u0131 genel olarak 2 g\u00fcn i\u00e7inde yap\u0131lmaktad\u0131r.<\/li>\n<li>\u00dcr\u00fcnleri iade etmek veya de\u011fi\u015ftirmek i\u00e7in l\u00fctfen\u00a0&#8220;\u0130ADE ve DE\u011e\u0130\u015e\u0130M PROSED\u00dcR\u00dc&#8221;n\u00fc inceleyiniz.<\/li>\n<\/ol>\n<p>&nbsp;<\/p>\n<h2>GARANT\u0130 VE \u0130ADE<\/h2>\n<p>A\u015fina G\u00fcm\u00fc\u015f\u2019den sat\u0131n ald\u0131\u011f\u0131n\u0131z \u00fcr\u00fcnleri teslim tarihinden itibaren 15 g\u00fcn i\u00e7erisinde iade ederek \u00f6dedi\u011finiz tutar\u0131 geri alabilirsiniz.<\/p>\n<p>asinagumus.com.tr \u00fczerinden sat\u0131n al\u0131nan \u00fcr\u00fcnleri\u00a015 g\u00fcnl\u00fck bu s\u00fcre zarf\u0131nda web sitemiz ve A\u015fina G\u00fcm\u00fc\u015f \u00dcsk\u00fcdar\/ \u0130stanbul ma\u011fazam\u0131zdan de\u011fi\u015ftirebilirsiniz.<\/p>\n<p>Ma\u011fazam\u0131zdan de\u011fi\u015fim yap\u0131labilmesi i\u00e7in \u00fcr\u00fcn\u00fcn kullan\u0131lmam\u0131\u015f olmas\u0131 ve \u00fcr\u00fcnde herhangi bir hasar olmamas\u0131 gerekmektedir.<\/p>\n<p>Yapaca\u011f\u0131n\u0131z al\u0131\u015fveri\u015flerde uygun \u00fccretle onar\u0131m, bak\u0131m yapt\u0131rab\u0131l\u0131rs\u0131n\u0131z.<\/p>\n<p>T\u00fcketicinin \u00f6zel istek ve talepleri uyar\u0131nca \u00fcretilen veya \u00fczerinde de\u011fi\u015fiklik ya da ilaveler yap\u0131larak ki\u015fiye \u00f6zel hale getirilen \u00fcr\u00fcnlerde, ayr\u0131ca k\u00fcpelerde t\u00fcketici cayma hakk\u0131n\u0131\u00a0kullanamaz.<\/p>\n<p>\u0130ade etmek istedi\u011finiz sipari\u015flerinizin, size g\u00f6nderilen \u015fekliyle, \u00fcr\u00fcn, fatura, irsaliye ve varsa hediye \u00fcr\u00fcnlerle birlikte eksiksiz olarak, Merkez adresimize, al\u0131c\u0131 k\u0131sm\u0131na &#8220;A\u015fina G\u00fcm\u00fc\u015f Cemile Mimaro\u011flu&#8221; yazarak,\u00a0\u00dcsk\u00fcdar Merkez Ptt Kargo\u00a0\u015eubesine ile g\u00f6nderilmesi gerekmektedir. Farkl\u0131 kargo \u015firketleri ile g\u00f6nderilerinizi g\u00f6nderici \u00f6demeli olarak yapabilirsiniz. Fatura asl\u0131 g\u00f6nderilmeyen \u00fcr\u00fcnlerin KDV&#8217;si ve varsa di\u011fer yasal y\u00fck\u00fcml\u00fcl\u00fckleri iade edilmez.<\/p>\n<p>\u0130adenin ula\u015fmas\u0131n\u0131n ard\u0131ndan \u00fcr\u00fcnlerin bedeli sipari\u015f kredi kart\u0131 kullan\u0131larak verildiyse kredi kart\u0131na, havale\/EFT yoluyla verildiyse banka hesab\u0131na iade edilir. \u0130ade \u00f6demesi, \u00fcr\u00fcn taraf\u0131m\u0131za ula\u015ft\u0131ktan\u00a014 g\u00fcn\u00a0i\u00e7erisinde hesab\u0131n\u0131za yap\u0131lacakt\u0131r.<\/p>\n<p>E-ticaret sitesinden yap\u0131lan sipari\u015flerde iade\/de\u011fi\u015fim i\u00e7in \u00fcr\u00fcnler a\u015fa\u011f\u0131daki adrese g\u00f6nderilmelidir.<\/p>\n<p>Al\u0131c\u0131 k\u0131sm\u0131na\u00a0<strong>&#8220;A\u015fina G\u00fcm\u00fc\u015f Cemile Mimaro\u011flu&#8221;<\/strong>\u00a0yaz\u0131lmal\u0131d\u0131r.<br \/>\n<strong>Adres:<\/strong>\u00a0<strong>\u00a0<\/strong>Aziz Mahmut H\u00fcdai Mahallesi, Hakimiyeti Milliye Cad. G\u00fclfem Hatun Sokak Kuyumcular \u00c7ar\u015f\u0131s\u0131 No:30 D:63, 34672 \u00dcsk\u00fcdar, \u0130STANBUL &#8211; T\u00dcRK\u0130YE<\/p>\n","protected":false},"excerpt":{"rendered":"<p>Teslimat ve Kargo Sipari\u015finiz kargo firmas\u0131ndan size teslim edilene kadar A\u015fina G\u00fcm\u00fc\u015f sorumlulu\u011fu ve g\u00fcvencesi alt\u0131ndad\u0131r. A\u015fina G\u00fcm\u00fc\u015f&#8217;de yap\u0131lan al\u0131\u015fveri\u015flerin teslimat\u0131 genel olarak 2 g\u00fcn i\u00e7inde yap\u0131lmaktad\u0131r. \u00dcr\u00fcnleri iade etmek<\/p>\n","protected":false},"author":1,"featured_media":0,"parent":0,"menu_order":0,"comment_status":"closed","ping_status":"closed","template":"","meta":{"footnotes":""},"class_list":["post-1814","page","type-page","status-publish","hentry"],"_links":{"self":[{"href":"https:\/\/www.asinagumus.com\/index.php?rest_route=\/wp\/v2\/pages\/1814","targetHints":{"allow":["GET"]}}],"collection":[{"href":"https:\/\/www.asinagumus.com\/index.php?rest_route=\/wp\/v2\/pages"}],"about":[{"href":"https:\/\/www.asinagumus.com\/index.php?rest_route=\/wp\/v2\/types\/page"}],"author":[{"embeddable":true,"href":"https:\/\/www.asinagumus.com\/index.php?rest_route=\/wp\/v2\/users\/1"}],"replies":[{"embeddable":true,"href":"https:\/\/www.asinagumus.com\/index.php?rest_route=%2Fwp%2Fv2%2Fcomments&post=1814"}],"version-history":[{"count":2,"href":"https:\/\/www.asinagumus.com\/index.php?rest_route=\/wp\/v2\/pages\/1814\/revisions"}],"predecessor-version":[{"id":1831,"href":"https:\/\/www.asinagumus.com\/index.php?rest_route=\/wp\/v2\/pages\/1814\/revisions\/1831"}],"wp:attachment":[{"href":"https:\/\/www.asinagumus.com\/index.php?rest_route=%2Fwp%2Fv2%2Fmedia&parent=1814"}],"curies":[{"name":"wp","href":"https:\/\/api.w.org\/{rel}","templated":true}]}}