{"id":23,"date":"2016-05-02T10:54:52","date_gmt":"2016-05-02T07:54:52","guid":{"rendered":"http:\/\/www.asinagumus.com\/index.php\/hesabim\/"},"modified":"2016-05-02T11:16:44","modified_gmt":"2016-05-02T08:16:44","slug":"hesabim","status":"publish","type":"page","link":"https:\/\/www.asinagumus.com\/?page_id=23","title":{"rendered":"HESABIM"},"content":{"rendered":"<div class=\"woocommerce\"><div class=\"woocommerce-notices-wrapper\"><\/div>\n<div class=\"kapee-login-signup\" id=\"customer_login\">\n\t<div class=\"customer-login active\">\n\t\t<div class=\"customer-login-left\">\n\t\t\t<h2>Giri\u015f<\/h2>\t\t\t\n\t\t\t<p>Get access to your Orders, Wishlist and Recommendations.<\/p>\n\t\t\t\n\t\t\t\t\t\t\n\t\t<\/div>\t\t\n\t\t<div class=\"customer-login-right\">\n\t\t\t<form class=\"woocommerce-form woocommerce-form-login login\" method=\"post\" action=\"https:\/\/www.asinagumus.com\/?page_id=1955\">\n\n\t\t\t\t\n\t\t\t\t<p class=\"woocommerce-form-row woocommerce-form-row--wide form-row form-row-wide\">\t\t\t\t\t\n\t\t\t\t\t<input type=\"text\" class=\"woocommerce-Input woocommerce-Input--text input-text\" name=\"username\" id=\"username\" autocomplete=\"username\" placeholder=\"Enter Username\/Email address\" value=\"\" \/>\t\t\t\t<\/p>\n\t\t\t\t<p class=\"woocommerce-form-row woocommerce-form-row--wide form-row form-row-wide\">\t\t\t\t\t\n\t\t\t\t\t<input class=\"woocommerce-Input woocommerce-Input--text input-text\" type=\"password\" name=\"password\" id=\"password\" placeholder=\"Enter Password\" autocomplete=\"current-password\" \/>\n\t\t\t\t<\/p>\n\n\t\t\t\t\n\t\t\t\t<p class=\"form-row woocommerce-rememberme-lost_password\">\n\t\t\t\t\t\t<label class=\"woocommerce-form__label woocommerce-form__label-for-checkbox woocommerce-form-login__rememberme\">\n\t\t\t\t\t\t<input class=\"woocommerce-form__input woocommerce-form__input-checkbox\" name=\"rememberme\" type=\"checkbox\" id=\"rememberme\" value=\"forever\" \/> <span>Remember me<\/span>\n\t\t\t\t\t<\/label>\n\t\t\t\t\t<a class=\"woocommerce-LostPassword\" href=\"https:\/\/www.asinagumus.com\/?page_id=1955&#038;lost-password\">Lost your password?<\/a>\n\t\t\t\t<\/p>\n\t\t\t\t\n\t\t\t\t<p class=\"woocommerce-login-button\">\n\t\t\t\t\t<input type=\"hidden\" id=\"woocommerce-login-nonce\" name=\"woocommerce-login-nonce\" value=\"8a023dffee\" \/><input type=\"hidden\" name=\"_wp_http_referer\" value=\"\/index.php?rest_route=%2Fwp%2Fv2%2Fpages%2F23\" \/>\t\t\t\t\t<button type=\"submit\" class=\"woocommerce-button button woocommerce-form-login__submit\" name=\"login\" value=\"Log in\">Log in<\/button>\t\t\t\t\n\t\t\t\t<\/p>\n\t\t\t\t\t\t\t\t\t\t\t\t<p class=\"woocommerce-new-signup\">\n\t\t\t\t\t\t\t\t\t\t<a class=\"new-signup button\" href=\"#\"> New to A\u015fina G\u00fcm\u00fc\u015f? Sign up<\/a>\n\t\t\t\t\t\t\t\t\t<\/p>\n\t\t\t\t\t\t\t\t\n\n\t\t\t<\/form>\n\t\t<\/div>\n\t<\/div>\n\t\n\t\t\t<div class=\"customer-signup\">\n\t\t\t<div class=\"customer-signup-left\">\n\t\t\t\t<h2>Signup<\/h2>\t\t\t\t\n\t\t\t\t\n\t\t\t\t<div class=\"woocommerce-privacy-policy-text\"><\/div>\t\t\t\t\n\t\t\t<\/div>\t\t\t\n\t\t\t<div class=\"customer-signup-right\">\n\t\t\t\t<form method=\"post\" class=\"woocommerce-form woocommerce-form-register register\" action=\"https:\/\/www.asinagumus.com\/?page_id=1955\" >\n\n\t\t\t\t\t\n\t\t\t\t\t\n\t\t\t\t\t<p class=\"woocommerce-form-row woocommerce-form-row--wide form-row form-row-wide\">\n\t\t\t\t\t\t<input type=\"email\" class=\"woocommerce-Input woocommerce-Input--text input-text\" name=\"email\" id=\"reg_email\" autocomplete=\"email\" placeholder=\"Enter Email address\" value=\"\" \/>\t\t\t\t\t<\/p>\n\n\t\t\t\t\t\n\t\t\t\t\t\t<p class=\"woocommerce-form-row woocommerce-form-row--wide form-row form-row-wide\">\n\t\t\t\t\t\t\t<input type=\"password\" class=\"woocommerce-Input woocommerce-Input--text input-text\" name=\"password\" id=\"reg_password\" autocomplete=\"new-password\" placeholder=\"Enter Password\" \/>\n\t\t\t\t\t\t<\/p>\n\n\t\t\t\t\t\n\t\t\t\t\t<wc-order-attribution-inputs><\/wc-order-attribution-inputs>\n\t\t\t\t\t<p class=\"woocommerce-form-row form-row\">\n\t\t\t\t\t\t<input type=\"hidden\" id=\"woocommerce-register-nonce\" name=\"woocommerce-register-nonce\" value=\"c2d866ce72\" \/><input type=\"hidden\" name=\"_wp_http_referer\" value=\"\/index.php?rest_route=%2Fwp%2Fv2%2Fpages%2F23\" \/>\t\t\t\t\t\t<button type=\"submit\" class=\"woocommerce-Button button\" name=\"register\" value=\"Register\">Register<\/button>\n\t\t\t\t\t<\/p>\n\t\t\t\t\t\t\t\t\t\t<p class=\"woocommerce-new-signup\">\n\t\t\t\t\t\t<a class=\"user-signin button\" href=\"#\">Existing User? Log in<\/a>\n\t\t\t\t\t<\/p>\n\n\t\t\t\t\t\n\n\t\t\t\t<\/form>\n\t\t\t<\/div>\n\t\t<\/div>\n\t<\/div>\n\n<\/div>\n","protected":false},"excerpt":{"rendered":"Giri\u015f Get access to your Orders, Wishlist and Recommendations. Remember me Lost your password? Log in New to A\u015fina G\u00fcm\u00fc\u015f? Sign up Signup Register Existing User? Log in","protected":false},"author":1,"featured_media":0,"parent":0,"menu_order":0,"comment_status":"closed","ping_status":"closed","template":"","meta":{"footnotes":""},"class_list":["post-23","page","type-page","status-publish","hentry"],"_links":{"self":[{"href":"https:\/\/www.asinagumus.com\/index.php?rest_route=\/wp\/v2\/pages\/23","targetHints":{"allow":["GET"]}}],"collection":[{"href":"https:\/\/www.asinagumus.com\/index.php?rest_route=\/wp\/v2\/pages"}],"about":[{"href":"https:\/\/www.asinagumus.com\/index.php?rest_route=\/wp\/v2\/types\/page"}],"author":[{"embeddable":true,"href":"https:\/\/www.asinagumus.com\/index.php?rest_route=\/wp\/v2\/users\/1"}],"replies":[{"embeddable":true,"href":"https:\/\/www.asinagumus.com\/index.php?rest_route=%2Fwp%2Fv2%2Fcomments&post=23"}],"version-history":[{"count":1,"href":"https:\/\/www.asinagumus.com\/index.php?rest_route=\/wp\/v2\/pages\/23\/revisions"}],"predecessor-version":[{"id":38,"href":"https:\/\/www.asinagumus.com\/index.php?rest_route=\/wp\/v2\/pages\/23\/revisions\/38"}],"wp:attachment":[{"href":"https:\/\/www.asinagumus.com\/index.php?rest_route=%2Fwp%2Fv2%2Fmedia&parent=23"}],"curies":[{"name":"wp","href":"https:\/\/api.w.org\/{rel}","templated":true}]}}