{"id":24,"date":"2020-09-30T11:11:00","date_gmt":"2020-09-30T08:11:00","guid":{"rendered":"http:\/\/www.asinagumus.com\/?page_id=24"},"modified":"2020-10-02T14:45:02","modified_gmt":"2020-10-02T11:45:02","slug":"asina-gumus","status":"publish","type":"page","link":"https:\/\/www.asinagumus.com\/?page_id=24","title":{"rendered":"HAKKIMIZDA"},"content":{"rendered":"<h2 class=\"wp-block-heading\">HAKKIMIZDA<\/h2><p class=\"has-text-align-left\">A\u015fina G\u00fcm\u00fc\u015f olarak 2010 y\u0131l\u0131ndan bu yana, \u00fcr\u00fcn kalitesi, m\u00fc\u015fteri memnuniyeti, hizmet kalitesi ve g\u00fcvenilirlik gibi temel ilkelerimizden \u00f6d\u00fcn vermeden sizler i\u00e7in tak\u0131 \u00fcretiyoruz.<\/p><p class=\"has-text-align-left\">At\u00f6lyelerimizde \u00fcr\u00fcnlerimizi \u00f6zenle haz\u0131rlayarak, en g\u00f6zde, trend son moda g\u00fcncel \u00fcr\u00fcnleri, \u00f6zel tasar\u0131mlarla uygun fiyatlarla sizlere sunuyoruz.<\/p><p class=\"has-text-align-left\">Aktif Sat\u0131\u015f Yapt\u0131\u011f\u0131m\u0131z Siteler:<\/p><figure class=\"wp-block-table is-style-regular\">\n<table style=\"height: 208px; width: 96.0387%; border-style: hidden; border-collapse: collapse;\">\n<tbody>\n<tr>\n<td style=\"width: 11.893%; text-align: center; border-style: hidden;\">\n<p><a href=\"https:\/\/www.instagram.com\/asinagumus\/?r=sun1\"><img loading=\"lazy\" decoding=\"async\" class=\"wp-image-535 aligncenter\" src=\"https:\/\/www.asinagumus.com\/wp-content\/uploads\/2017\/04\/instagram.jpg\" alt=\"instagram\" width=\"47\" height=\"47\" \/><\/a><a href=\"https:\/\/www.instagram.com\/asinagumus\/?r=sun1\">instagram<\/a><\/p>\n<\/td>\n<td style=\"width: 16.9208%; text-align: center; border-style: hidden;\">\n<p><a href=\"https:\/\/tr-tr.facebook.com\/pages\/category\/Jewelry-Watches\/A%C5%9Fina-G%C3%BCm%C3%BC%C5%9F-%C3%9Csk%C3%BCdar-2163411838-279670318768688\/\"><img loading=\"lazy\" decoding=\"async\" class=\"wp-image-1652 aligncenter\" src=\"https:\/\/www.asinagumus.com\/wp-content\/uploads\/2020\/10\/fb_icon_325x325-300x300.png\" alt=\"\" width=\"50\" height=\"50\" srcset=\"https:\/\/www.asinagumus.com\/wp-content\/uploads\/2020\/10\/fb_icon_325x325-300x300.png 300w, https:\/\/www.asinagumus.com\/wp-content\/uploads\/2020\/10\/fb_icon_325x325-150x150.png 150w, https:\/\/www.asinagumus.com\/wp-content\/uploads\/2020\/10\/fb_icon_325x325-320x320.png 320w, https:\/\/www.asinagumus.com\/wp-content\/uploads\/2020\/10\/fb_icon_325x325-100x100.png 100w, https:\/\/www.asinagumus.com\/wp-content\/uploads\/2020\/10\/fb_icon_325x325.png 325w\" sizes=\"auto, (max-width: 50px) 100vw, 50px\" \/><\/a><a href=\"https:\/\/tr-tr.facebook.com\/pages\/category\/Jewelry-Watches\/A%C5%9Fina-G%C3%BCm%C3%BC%C5%9F-%C3%9Csk%C3%BCdar-2163411838-279670318768688\/\">facebook<\/a><\/p>\n<\/td>\n<td style=\"width: 20.8449%; text-align: center; border-style: hidden;\">\n<p><a href=\"http:\/\/dukkanlar.gittigidiyor.com\/Asina_Gumus\/\"><img loading=\"lazy\" decoding=\"async\" class=\"wp-image-536 aligncenter\" src=\"https:\/\/www.asinagumus.com\/wp-content\/uploads\/2016\/10\/gittigidiyor.jpg\" alt=\"gittigidiyor\" width=\"52\" height=\"52\" \/><\/a><a href=\"http:\/\/dukkanlar.gittigidiyor.com\/Asina_Gumus\/\">gittigiyor<\/a><\/p>\n<\/td>\n<td style=\"width: 16.2069%; text-align: center; border-style: hidden;\">\n<p><a href=\"http:\/\/www.n11.com\/magaza\/asinagumus\"><img loading=\"lazy\" decoding=\"async\" class=\"wp-image-537 aligncenter\" src=\"https:\/\/www.asinagumus.com\/wp-content\/uploads\/2016\/10\/n11.jpeg\" alt=\"n11\" width=\"54\" height=\"54\" srcset=\"https:\/\/www.asinagumus.com\/wp-content\/uploads\/2016\/10\/n11.jpeg 100w, https:\/\/www.asinagumus.com\/wp-content\/uploads\/2016\/10\/n11-90x90.jpeg 90w, https:\/\/www.asinagumus.com\/wp-content\/uploads\/2016\/10\/n11-80x80.jpeg 80w\" sizes=\"auto, (max-width: 54px) 100vw, 54px\" \/><\/a><a href=\"http:\/\/www.n11.com\/magaza\/asinagumus\">n11<\/a><\/p>\n<\/td>\n<\/tr>\n<tr>\n<td style=\"width: 11.893%; text-align: center; border-style: hidden;\">\n<p><a href=\"https:\/\/www.trendyol.com\/magaza\/asina-gumus-m-111157?sst=0\"><img loading=\"lazy\" decoding=\"async\" class=\"wp-image-1651 aligncenter\" src=\"https:\/\/www.asinagumus.com\/wp-content\/uploads\/2020\/10\/trendyol-logo-e1601636637234-300x300.png\" alt=\"\" width=\"50\" height=\"50\" srcset=\"https:\/\/www.asinagumus.com\/wp-content\/uploads\/2020\/10\/trendyol-logo-e1601636637234-300x300.png 300w, https:\/\/www.asinagumus.com\/wp-content\/uploads\/2020\/10\/trendyol-logo-e1601636637234-150x150.png 150w, https:\/\/www.asinagumus.com\/wp-content\/uploads\/2020\/10\/trendyol-logo-e1601636637234-320x318.png 320w, https:\/\/www.asinagumus.com\/wp-content\/uploads\/2020\/10\/trendyol-logo-e1601636637234-100x100.png 100w, https:\/\/www.asinagumus.com\/wp-content\/uploads\/2020\/10\/trendyol-logo-e1601636637234.png 414w\" sizes=\"auto, (max-width: 50px) 100vw, 50px\" \/><\/a><a href=\"https:\/\/www.trendyol.com\/magaza\/asina-gumus-m-111157?sst=0\">trendyol<\/a><\/p>\n<\/td>\n<td style=\"width: 16.9208%; text-align: center; border-style: hidden;\">\n<p><a href=\"http:\/\/www.ebay.com\/usr\/jewelsfromistanbul\"><img loading=\"lazy\" decoding=\"async\" class=\"wp-image-539 aligncenter\" src=\"https:\/\/www.asinagumus.com\/wp-content\/uploads\/2016\/10\/ebay_icon.jpg\" alt=\"ebay_icon\" width=\"53\" height=\"53\" srcset=\"https:\/\/www.asinagumus.com\/wp-content\/uploads\/2016\/10\/ebay_icon.jpg 100w, https:\/\/www.asinagumus.com\/wp-content\/uploads\/2016\/10\/ebay_icon-90x90.jpg 90w, https:\/\/www.asinagumus.com\/wp-content\/uploads\/2016\/10\/ebay_icon-80x80.jpg 80w\" sizes=\"auto, (max-width: 53px) 100vw, 53px\" \/><\/a><a href=\"http:\/\/www.ebay.com\/usr\/jewelsfromistanbul\">ebay<\/a><\/p>\n<\/td>\n<td style=\"width: 20.8449%; text-align: center; border-style: hidden;\">\n<p><a href=\"https:\/\/www.etsy.com\/shop\/jewelsfromstanbul?ref=seller-platform-mcnav\"><img loading=\"lazy\" decoding=\"async\" class=\" wp-image-1650 aligncenter\" src=\"https:\/\/www.asinagumus.com\/wp-content\/uploads\/2020\/10\/Etsy-Logo-300x169.png\" alt=\"\" width=\"87\" height=\"49\" srcset=\"https:\/\/www.asinagumus.com\/wp-content\/uploads\/2020\/10\/Etsy-Logo-300x169.png 300w, https:\/\/www.asinagumus.com\/wp-content\/uploads\/2020\/10\/Etsy-Logo-1024x576.png 1024w, https:\/\/www.asinagumus.com\/wp-content\/uploads\/2020\/10\/Etsy-Logo-768x432.png 768w, https:\/\/www.asinagumus.com\/wp-content\/uploads\/2020\/10\/Etsy-Logo-1536x864.png 1536w, https:\/\/www.asinagumus.com\/wp-content\/uploads\/2020\/10\/Etsy-Logo-320x180.png 320w, https:\/\/www.asinagumus.com\/wp-content\/uploads\/2020\/10\/Etsy-Logo.png 1920w\" sizes=\"auto, (max-width: 87px) 100vw, 87px\" \/><\/a><a href=\"https:\/\/www.etsy.com\/shop\/jewelsfromstanbul?ref=seller-platform-mcnav\">etsy<\/a><\/p>\n<\/td>\n<td style=\"width: 16.2069%; text-align: center; border-style: hidden;\">\n<p><a href=\"https:\/\/www.butikgez.com\/Butik\/asina-gumus\"><img loading=\"lazy\" decoding=\"async\" class=\"wp-image-538 aligncenter\" src=\"https:\/\/www.asinagumus.com\/wp-content\/uploads\/2016\/10\/butikgez.jpg\" alt=\"butikgez\" width=\"51\" height=\"51\" srcset=\"https:\/\/www.asinagumus.com\/wp-content\/uploads\/2016\/10\/butikgez.jpg 100w, https:\/\/www.asinagumus.com\/wp-content\/uploads\/2016\/10\/butikgez-90x90.jpg 90w, https:\/\/www.asinagumus.com\/wp-content\/uploads\/2016\/10\/butikgez-80x80.jpg 80w\" sizes=\"auto, (max-width: 51px) 100vw, 51px\" \/><\/a><a href=\"https:\/\/www.butikgez.com\/Butik\/asina-gumus\">butikgez<\/a><\/p>\n<\/td>\n<\/tr>\n<\/tbody>\n<\/table>\n<\/figure>","protected":false},"excerpt":{"rendered":"<p>HAKKIMIZDA A\u015fina G\u00fcm\u00fc\u015f olarak 2010 y\u0131l\u0131ndan bu yana, \u00fcr\u00fcn kalitesi, m\u00fc\u015fteri memnuniyeti, hizmet kalitesi ve g\u00fcvenilirlik gibi temel ilkelerimizden \u00f6d\u00fcn vermeden sizler i\u00e7in tak\u0131 \u00fcretiyoruz. At\u00f6lyelerimizde \u00fcr\u00fcnlerimizi \u00f6zenle haz\u0131rlayarak, en<\/p>\n","protected":false},"author":2,"featured_media":0,"parent":0,"menu_order":1,"comment_status":"closed","ping_status":"closed","template":"","meta":{"footnotes":""},"class_list":["post-24","page","type-page","status-publish","hentry"],"_links":{"self":[{"href":"https:\/\/www.asinagumus.com\/index.php?rest_route=\/wp\/v2\/pages\/24","targetHints":{"allow":["GET"]}}],"collection":[{"href":"https:\/\/www.asinagumus.com\/index.php?rest_route=\/wp\/v2\/pages"}],"about":[{"href":"https:\/\/www.asinagumus.com\/index.php?rest_route=\/wp\/v2\/types\/page"}],"author":[{"embeddable":true,"href":"https:\/\/www.asinagumus.com\/index.php?rest_route=\/wp\/v2\/users\/2"}],"replies":[{"embeddable":true,"href":"https:\/\/www.asinagumus.com\/index.php?rest_route=%2Fwp%2Fv2%2Fcomments&post=24"}],"version-history":[{"count":32,"href":"https:\/\/www.asinagumus.com\/index.php?rest_route=\/wp\/v2\/pages\/24\/revisions"}],"predecessor-version":[{"id":1664,"href":"https:\/\/www.asinagumus.com\/index.php?rest_route=\/wp\/v2\/pages\/24\/revisions\/1664"}],"wp:attachment":[{"href":"https:\/\/www.asinagumus.com\/index.php?rest_route=%2Fwp%2Fv2%2Fmedia&parent=24"}],"curies":[{"name":"wp","href":"https:\/\/api.w.org\/{rel}","templated":true}]}}