{"id":26,"date":"2016-05-02T11:13:42","date_gmt":"2016-05-02T08:13:42","guid":{"rendered":"http:\/\/www.asinagumus.com\/?page_id=26"},"modified":"2025-07-30T12:55:11","modified_gmt":"2025-07-30T09:55:11","slug":"iletisim","status":"publish","type":"page","link":"https:\/\/www.asinagumus.com\/?page_id=26","title":{"rendered":"\u0130LET\u0130\u015e\u0130M"},"content":{"rendered":"<p>[vc_row][vc_column][vc_column_text]<\/p>\n<p style=\"text-align: center;\"><img loading=\"lazy\" decoding=\"async\" class=\"size-full wp-image-7 aligncenter\" src=\"https:\/\/www.asinagumus.com\/wp-content\/uploads\/2016\/05\/asina-logo-kucuk.png\" alt=\"A\u015fina G\u00fcm\u00fc\u015f\" width=\"250\" height=\"34\" srcset=\"https:\/\/www.asinagumus.com\/wp-content\/uploads\/2016\/05\/asina-logo-kucuk.png 250w, https:\/\/www.asinagumus.com\/wp-content\/uploads\/2016\/05\/asina-logo-kucuk-90x12.png 90w, https:\/\/www.asinagumus.com\/wp-content\/uploads\/2016\/05\/asina-logo-kucuk-150x20.png 150w\" sizes=\"auto, (max-width: 250px) 100vw, 250px\" \/><\/p>\n<p style=\"text-align: left;\"><strong><span class=\"contact-street\">Ma\u011faza Adres: <\/span><\/strong><span class=\"contact-street\">Azizmahmut H\u00fcdai Mahallesi Hakimiyeti Milliye Caddesi<br \/>\nKuyumcular \u00c7ar\u015f\u0131s\u0131 No:30\/63 <\/span><span class=\"contact-suburb\">\u00dcsk\u00fcdar, <\/span><span class=\"contact-state\">\u0130stanbul, <\/span><span class=\"contact-country\">T\u00fcrkiye<\/span><\/p>\n<p style=\"text-align: left;\"><span class=\"contact-telephone\"><strong>Tel:<\/strong> <a href=\"tel:+90 216 341 18 38\">+90 216 341 18 38<\/a><\/span><\/p>\n<p style=\"text-align: left;\"><strong>Whatsapp:<\/strong> +90 532 551 07 70<\/p>\n<p><strong>E-mail:<a href=\"mailto:info@asinagumus.com\">info@asinagumus.com<\/a><\/strong>[\/vc_column_text][\/vc_column][\/vc_row][vc_row][vc_column][vc_column_text]<iframe loading=\"lazy\" style=\"border: 0;\" src=\"https:\/\/www.google.com\/maps\/embed?pb=!1m18!1m12!1m3!1d3010.062438476159!2d29.015359900000007!3d41.0238899!2m3!1f0!2f0!3f0!3m2!1i1024!2i768!4f13.1!3m3!1m2!1s0x14cab78972701a55%3A0x833c3d995b42112a!2zQcWfaW5hIEfDvG3DvMWf!5e0!3m2!1str!2str!4v1753869132973!5m2!1str!2str\" width=\"1300\" height=\"450\" allowfullscreen=\"allowfullscreen\"><\/iframe>[\/vc_column_text][\/vc_column][\/vc_row][vc_row][vc_column][vc_column_text]<\/p>\n<table style=\"height: 225px; width: 100%; border-style: hidden; border-color: #ffffff; background-color: #ffffff;\">\n<tbody>\n<tr style=\"height: 106px;\">\n<td style=\"height: 106px; text-align: center; width: 25.3448%;\"><a href=\"https:\/\/www.instagram.com\/asinagumus_uskudar?igsh=MXB5bHp4ZnBxMjJkbg== \"><img loading=\"lazy\" decoding=\"async\" class=\"aligncenter wp-image-535\" src=\"https:\/\/www.asinagumus.com\/wp-content\/uploads\/2017\/04\/instagram.jpg\" alt=\"instagram\" width=\"47\" height=\"47\" \/><\/a><a style=\"font-size: inherit; font-family: inherit; font-weight: inherit;\" href=\"https:\/\/www.instagram.com\/asinagumus_uskudar?igsh=MXB5bHp4ZnBxMjJkbg==\">instagram<\/a><\/td>\n<td style=\"height: 106px; text-align: center; width: 22.5862%;\"><a href=\"https:\/\/tr-tr.facebook.com\/pages\/category\/Jewelry-Watches\/A%C5%9Fina-G%C3%BCm%C3%BC%C5%9F-%C3%9Csk%C3%BCdar-2163411838-279670318768688\/\"><img loading=\"lazy\" decoding=\"async\" class=\"wp-image-1652 aligncenter\" src=\"https:\/\/www.asinagumus.com\/wp-content\/uploads\/2020\/10\/fb_icon_325x325-300x300.png\" alt=\"\" width=\"50\" height=\"50\" srcset=\"https:\/\/www.asinagumus.com\/wp-content\/uploads\/2020\/10\/fb_icon_325x325-300x300.png 300w, https:\/\/www.asinagumus.com\/wp-content\/uploads\/2020\/10\/fb_icon_325x325-150x150.png 150w, https:\/\/www.asinagumus.com\/wp-content\/uploads\/2020\/10\/fb_icon_325x325-320x320.png 320w, https:\/\/www.asinagumus.com\/wp-content\/uploads\/2020\/10\/fb_icon_325x325-100x100.png 100w, https:\/\/www.asinagumus.com\/wp-content\/uploads\/2020\/10\/fb_icon_325x325.png 325w\" sizes=\"auto, (max-width: 50px) 100vw, 50px\" \/><\/a><a href=\"https:\/\/tr-tr.facebook.com\/pages\/category\/Jewelry-Watches\/A%C5%9Fina-G%C3%BCm%C3%BC%C5%9F-%C3%9Csk%C3%BCdar-2163411838-279670318768688\/\">facebook<\/a><\/td>\n<td style=\"height: 106px; text-align: center; width: 28.4483%;\"><a href=\"http:\/\/dukkanlar.gittigidiyor.com\/Asina_Gumus\/\"><img loading=\"lazy\" decoding=\"async\" class=\"wp-image-536 aligncenter\" src=\"https:\/\/www.asinagumus.com\/wp-content\/uploads\/2016\/10\/gittigidiyor.jpg\" alt=\"gittigidiyor\" width=\"52\" height=\"52\" \/><\/a><a href=\"http:\/\/dukkanlar.gittigidiyor.com\/Asina_Gumus\/\">gittigiyor<\/a><\/td>\n<td style=\"height: 106px; text-align: center; width: 21.8966%;\"><a href=\"http:\/\/www.n11.com\/magaza\/asinagumus\"><img loading=\"lazy\" decoding=\"async\" class=\"wp-image-537 aligncenter\" src=\"https:\/\/www.asinagumus.com\/wp-content\/uploads\/2016\/10\/n11.jpeg\" alt=\"n11\" width=\"54\" height=\"54\" srcset=\"https:\/\/www.asinagumus.com\/wp-content\/uploads\/2016\/10\/n11.jpeg 100w, https:\/\/www.asinagumus.com\/wp-content\/uploads\/2016\/10\/n11-90x90.jpeg 90w, https:\/\/www.asinagumus.com\/wp-content\/uploads\/2016\/10\/n11-80x80.jpeg 80w\" sizes=\"auto, (max-width: 54px) 100vw, 54px\" \/><\/a><a style=\"font-family: inherit; font-size: inherit; font-weight: inherit;\" href=\"http:\/\/www.n11.com\/magaza\/asinagumus\">n11<\/a><\/td>\n<\/tr>\n<tr style=\"height: 119px;\">\n<td style=\"height: 119px; text-align: center; width: 25.3448%;\"><a href=\"https:\/\/www.trendyol.com\/magaza\/asina-gumus-m-111157?sst=0\"><img loading=\"lazy\" decoding=\"async\" class=\"wp-image-1651 aligncenter\" src=\"https:\/\/www.asinagumus.com\/wp-content\/uploads\/2020\/10\/trendyol-logo-e1601636637234-300x300.png\" alt=\"\" width=\"50\" height=\"50\" srcset=\"https:\/\/www.asinagumus.com\/wp-content\/uploads\/2020\/10\/trendyol-logo-e1601636637234-300x300.png 300w, https:\/\/www.asinagumus.com\/wp-content\/uploads\/2020\/10\/trendyol-logo-e1601636637234-150x150.png 150w, https:\/\/www.asinagumus.com\/wp-content\/uploads\/2020\/10\/trendyol-logo-e1601636637234-320x318.png 320w, https:\/\/www.asinagumus.com\/wp-content\/uploads\/2020\/10\/trendyol-logo-e1601636637234-100x100.png 100w, https:\/\/www.asinagumus.com\/wp-content\/uploads\/2020\/10\/trendyol-logo-e1601636637234.png 414w\" sizes=\"auto, (max-width: 50px) 100vw, 50px\" \/><\/a><a href=\"https:\/\/www.trendyol.com\/magaza\/asina-gumus-m-111157?sst=0\">trendyol<\/a><\/td>\n<td style=\"height: 119px; text-align: center; width: 22.5862%;\"><a href=\"http:\/\/www.ebay.com\/usr\/jewelsfromistanbul\"><img loading=\"lazy\" decoding=\"async\" class=\"wp-image-539 aligncenter\" src=\"https:\/\/www.asinagumus.com\/wp-content\/uploads\/2016\/10\/ebay_icon.jpg\" alt=\"ebay_icon\" width=\"53\" height=\"53\" srcset=\"https:\/\/www.asinagumus.com\/wp-content\/uploads\/2016\/10\/ebay_icon.jpg 100w, https:\/\/www.asinagumus.com\/wp-content\/uploads\/2016\/10\/ebay_icon-90x90.jpg 90w, https:\/\/www.asinagumus.com\/wp-content\/uploads\/2016\/10\/ebay_icon-80x80.jpg 80w\" sizes=\"auto, (max-width: 53px) 100vw, 53px\" \/><\/a><a href=\"http:\/\/www.ebay.com\/usr\/jewelsfromistanbul\">ebay<\/a><\/td>\n<td style=\"height: 119px; text-align: center; width: 28.4483%;\"><a href=\"https:\/\/www.etsy.com\/shop\/jewelsfromstanbul?ref=seller-platform-mcnav\"><img loading=\"lazy\" decoding=\"async\" class=\" wp-image-1650 aligncenter\" src=\"https:\/\/www.asinagumus.com\/wp-content\/uploads\/2020\/10\/Etsy-Logo-300x169.png\" alt=\"\" width=\"87\" height=\"49\" srcset=\"https:\/\/www.asinagumus.com\/wp-content\/uploads\/2020\/10\/Etsy-Logo-300x169.png 300w, https:\/\/www.asinagumus.com\/wp-content\/uploads\/2020\/10\/Etsy-Logo-1024x576.png 1024w, https:\/\/www.asinagumus.com\/wp-content\/uploads\/2020\/10\/Etsy-Logo-768x432.png 768w, https:\/\/www.asinagumus.com\/wp-content\/uploads\/2020\/10\/Etsy-Logo-1536x864.png 1536w, https:\/\/www.asinagumus.com\/wp-content\/uploads\/2020\/10\/Etsy-Logo-320x180.png 320w, https:\/\/www.asinagumus.com\/wp-content\/uploads\/2020\/10\/Etsy-Logo.png 1920w\" sizes=\"auto, (max-width: 87px) 100vw, 87px\" \/><\/a><a href=\"https:\/\/www.etsy.com\/shop\/jewelsfromstanbul?ref=seller-platform-mcnav\">etsy<\/a><\/td>\n<td style=\"height: 119px; text-align: center; width: 21.8966%;\"><a href=\"https:\/\/www.butikgez.com\/Butik\/asina-gumus\"><img loading=\"lazy\" decoding=\"async\" class=\"wp-image-538 aligncenter\" src=\"https:\/\/www.asinagumus.com\/wp-content\/uploads\/2016\/10\/butikgez.jpg\" alt=\"butikgez\" width=\"51\" height=\"51\" srcset=\"https:\/\/www.asinagumus.com\/wp-content\/uploads\/2016\/10\/butikgez.jpg 100w, https:\/\/www.asinagumus.com\/wp-content\/uploads\/2016\/10\/butikgez-90x90.jpg 90w, https:\/\/www.asinagumus.com\/wp-content\/uploads\/2016\/10\/butikgez-80x80.jpg 80w\" sizes=\"auto, (max-width: 51px) 100vw, 51px\" \/><\/a><a href=\"https:\/\/www.butikgez.com\/Butik\/asina-gumus\">butikgez<\/a><\/td>\n<\/tr>\n<\/tbody>\n<\/table>\n<p>[\/vc_column_text][vc_column_text]<\/p>\n<table style=\"height: 225px; width: 100%; border-style: hidden; border-color: #ffffff; background-color: #ffffff;\">\n<tbody>\n<tr style=\"height: 106px;\">\n<td style=\"height: 106px; text-align: center; width: 25.3448%;\"><img loading=\"lazy\" decoding=\"async\" class=\"alignnone wp-image-2574\" src=\"https:\/\/www.asinagumus.com\/wp-content\/uploads\/2025\/07\/hepsiburada-logo.png\" alt=\"\" width=\"50\" height=\"50\" \/><br \/>\n<a style=\"font-size: inherit; font-family: inherit; font-weight: inherit;\" href=\"https:\/\/www.hepsiburada.com\/magaza\/asina-gumus\">hepsiburada<\/a><\/td>\n<td style=\"height: 106px; text-align: center; width: 22.5862%;\"><a href=\"https:\/\/ciceksepeti.com\/arama?query=a\u015fina%20g\u00fcm\u00fc\u015f&amp;choice=1 \"><img loading=\"lazy\" decoding=\"async\" class=\"alignnone wp-image-2578\" src=\"https:\/\/www.asinagumus.com\/wp-content\/uploads\/2025\/07\/ciceksepeti-logo.png\" alt=\"\" width=\"50\" height=\"50\" srcset=\"https:\/\/www.asinagumus.com\/wp-content\/uploads\/2025\/07\/ciceksepeti-logo.png 150w, https:\/\/www.asinagumus.com\/wp-content\/uploads\/2025\/07\/ciceksepeti-logo-100x100.png 100w\" sizes=\"auto, (max-width: 50px) 100vw, 50px\" \/><\/a><br \/>\n<a href=\"https:\/\/ciceksepeti.com\/arama?query=a\u015fina%20g\u00fcm\u00fc\u015f&amp;choice=1\">\u00c7i\u00e7eksepeti<\/a><\/td>\n<td style=\"height: 106px; text-align: center; width: 28.4483%;\"><\/td>\n<td style=\"height: 106px; text-align: center; width: 21.8966%;\"><\/td>\n<\/tr>\n<tr style=\"height: 119px;\">\n<td style=\"height: 119px; text-align: center; width: 25.3448%;\"><\/td>\n<td style=\"height: 119px; text-align: center; width: 22.5862%;\"><\/td>\n<td style=\"height: 119px; text-align: center; width: 28.4483%;\"><\/td>\n<td style=\"height: 119px; text-align: center; width: 21.8966%;\"><\/td>\n<\/tr>\n<\/tbody>\n<\/table>\n<p>[\/vc_column_text][\/vc_column][\/vc_row]<\/p>\n","protected":false},"excerpt":{"rendered":"<p>[vc_row][vc_column][vc_column_text] Ma\u011faza Adres: Azizmahmut H\u00fcdai Mahallesi Hakimiyeti Milliye Caddesi Kuyumcular \u00c7ar\u015f\u0131s\u0131 No:30\/63 \u00dcsk\u00fcdar, \u0130stanbul, T\u00fcrkiye Tel: +90 216 341 18 38 Whatsapp: +90 532 551 07 70 E-mail:info@asinagumus.com[\/vc_column_text][\/vc_column][\/vc_row][vc_row][vc_column][vc_column_text][\/vc_column_text][\/vc_column][\/vc_row][vc_row][vc_column][vc_column_text] instagram facebook<\/p>\n","protected":false},"author":1,"featured_media":0,"parent":0,"menu_order":0,"comment_status":"closed","ping_status":"closed","template":"","meta":{"footnotes":""},"class_list":["post-26","page","type-page","status-publish","hentry"],"_links":{"self":[{"href":"https:\/\/www.asinagumus.com\/index.php?rest_route=\/wp\/v2\/pages\/26","targetHints":{"allow":["GET"]}}],"collection":[{"href":"https:\/\/www.asinagumus.com\/index.php?rest_route=\/wp\/v2\/pages"}],"about":[{"href":"https:\/\/www.asinagumus.com\/index.php?rest_route=\/wp\/v2\/types\/page"}],"author":[{"embeddable":true,"href":"https:\/\/www.asinagumus.com\/index.php?rest_route=\/wp\/v2\/users\/1"}],"replies":[{"embeddable":true,"href":"https:\/\/www.asinagumus.com\/index.php?rest_route=%2Fwp%2Fv2%2Fcomments&post=26"}],"version-history":[{"count":26,"href":"https:\/\/www.asinagumus.com\/index.php?rest_route=\/wp\/v2\/pages\/26\/revisions"}],"predecessor-version":[{"id":2589,"href":"https:\/\/www.asinagumus.com\/index.php?rest_route=\/wp\/v2\/pages\/26\/revisions\/2589"}],"wp:attachment":[{"href":"https:\/\/www.asinagumus.com\/index.php?rest_route=%2Fwp%2Fv2%2Fmedia&parent=26"}],"curies":[{"name":"wp","href":"https:\/\/api.w.org\/{rel}","templated":true}]}}