{"id":124,"date":"2016-05-06T16:56:42","date_gmt":"2016-05-06T13:56:42","guid":{"rendered":"http:\/\/www.asinagumus.com\/?post_type=product&#038;p=124"},"modified":"2026-01-30T18:57:46","modified_gmt":"2026-01-30T15:57:46","slug":"nazar-boncuk-bileklik-925-ayar-gumus","status":"publish","type":"product","link":"https:\/\/www.asinagumus.com\/?product=nazar-boncuk-bileklik-925-ayar-gumus","title":{"rendered":"G\u00fcm\u00fc\u015f Nazar Boncuk Bayan Bileklik Sevgiliye Hediye"},"content":{"rendered":"<p><img decoding=\"async\" src=\"https:\/\/sonmodashop.com\/image\/data\/asinagumusdukkan.jpg\" \/><\/p>\n<div style=\"text-align: center;\"><span style=\"color: #ff0000;\">\u00a0<strong>\u00dcr\u00fcn A\u00e7\u0131klamas\u0131:<\/strong><\/span><\/div>\n<div>\n<p style=\"text-align: center;\"><strong>Maden: 925 Ayar\u00a0<\/strong><\/p>\n<div style=\"text-align: center;\" align=\"center\">\u00a0\u00a0\u00a0\u00a0<strong>Kullan\u0131lan ta\u015f: Mavi ve Renkli Nazar Boncuk Se\u00e7ene\u011fi ile<\/strong><\/div>\n<div align=\"center\">\n<div style=\"text-align: center;\"><strong>\u00dcr\u00fcn\u00fcn Durumu: S\u0131f\u0131r<\/strong><\/div>\n<div>\n<div>\u00a0\u00dcr\u00fcnlerimiz stokta mevcut \u00fcr\u00fcnlerdir.<\/div>\n<\/div>\n<\/div>\n<div align=\"center\">Farkl\u0131 Tasar\u0131m ve Marka g\u00fcvencesiyle sizi farkl\u0131 k\u0131lacak bu modelimiz be\u011fenilerinize sunulmu\u015ftur.<\/div>\n<div align=\"center\"><strong>T\u00fcm alm\u0131\u015f oldu\u011funuz \u00fcr\u00fcnlerle birlikte, faturan\u0131z g\u00f6nderilmektedir. Kargo po\u015fetinin cep k\u0131sm\u0131ndad\u0131r. \u00dcr\u00fcn\u00fcn\u00fcz\u00fc teslim al\u0131rken faturan\u0131z\u0131 almay\u0131 unutmay\u0131n\u0131z.<\/strong><\/div>\n<div align=\"center\">\n<div><span style=\"color: #ff0000;\"><strong>Not:<\/strong>\u00a0\u00a0\u00a0\u00a0\u00a0\u00a0\u00a0\u00a0<strong>\u00a0<\/strong>\u00a0\u00a0\u00a0\u00a0\u00a0\u00a0<span style=\"color: #800000;\">\u00a0\u00a0<strong>Parf\u00fcm, deodorant, krem, sabun, alkol ve \u00e7ama\u015f\u0131r suyu gibi maddelerden uzak tutulmal\u0131d\u0131r.<\/strong><\/span><\/span><\/div>\n<div><span style=\"color: #ff0000;\">\u00a0<\/span><\/div>\n<div>\n<div><span style=\"color: #ff0000;\"><strong>B\u00fct\u00fcn \u00fcr\u00fcnlerimiz hediye paketinde g\u00f6nderilir.<\/strong><\/span><\/div>\n<div><span style=\"color: #ff0000;\"><strong>Hediye notu yazmak i\u00e7in kart isterseniz mesaj g\u00f6nderebilirsiniz.<\/strong><\/span><\/div>\n<\/div>\n<\/div>\n<\/div>\n<div align=\"center\"><span style=\"color: #ff0000;\">\u00a0<\/span><\/div>\n<div align=\"center\"><span style=\"color: #0000ff;\"><strong><a style=\"color: #0000ff;\" href=\"https:\/\/arama.gittigidiyor.com\/?aramasatici=asinagumus\">Di\u011fer \u00dcr\u00fcnler \u0130\u00e7in T\u0131klay\u0131n\u0131z&#8230;<\/a><\/strong><\/span><\/div>\n<div align=\"center\">\n<p><span style=\"color: #0000ff;\"><img decoding=\"async\" src=\"https:\/\/sonmodashop.com\/image\/data\/asinagumusanafoto.png\" \/><\/span><\/p>\n<\/div>\n","protected":false},"excerpt":{"rendered":"<p>\u00a0\u00dcr\u00fcn A\u00e7\u0131klamas\u0131: Maden: 925 Ayar\u00a0 \u00a0\u00a0\u00a0\u00a0Kullan\u0131lan ta\u015f: Mavi ve Renkli Nazar Boncuk Se\u00e7ene\u011fi ile \u00dcr\u00fcn\u00fcn Durumu: S\u0131f\u0131r \u00a0\u00dcr\u00fcnlerimiz stokta mevcut \u00fcr\u00fcnlerdir. Farkl\u0131 Tasar\u0131m ve Marka g\u00fcvencesiyle sizi farkl\u0131 k\u0131lacak bu<\/p>\n","protected":false},"featured_media":1159,"comment_status":"closed","ping_status":"closed","template":"","meta":[],"product_brand":[],"product_cat":[10],"product_tag":[],"class_list":{"0":"post-124","1":"product","2":"type-product","3":"status-publish","4":"has-post-thumbnail","6":"product_cat-bileklikler","8":"first","9":"instock","10":"sale","11":"shipping-taxable","12":"purchasable","13":"product-type-simple"},"_links":{"self":[{"href":"https:\/\/www.asinagumus.com\/index.php?rest_route=\/wp\/v2\/product\/124","targetHints":{"allow":["GET"]}}],"collection":[{"href":"https:\/\/www.asinagumus.com\/index.php?rest_route=\/wp\/v2\/product"}],"about":[{"href":"https:\/\/www.asinagumus.com\/index.php?rest_route=\/wp\/v2\/types\/product"}],"replies":[{"embeddable":true,"href":"https:\/\/www.asinagumus.com\/index.php?rest_route=%2Fwp%2Fv2%2Fcomments&post=124"}],"wp:featuredmedia":[{"embeddable":true,"href":"https:\/\/www.asinagumus.com\/index.php?rest_route=\/wp\/v2\/media\/1159"}],"wp:attachment":[{"href":"https:\/\/www.asinagumus.com\/index.php?rest_route=%2Fwp%2Fv2%2Fmedia&parent=124"}],"wp:term":[{"taxonomy":"product_brand","embeddable":true,"href":"https:\/\/www.asinagumus.com\/index.php?rest_route=%2Fwp%2Fv2%2Fproduct_brand&post=124"},{"taxonomy":"product_cat","embeddable":true,"href":"https:\/\/www.asinagumus.com\/index.php?rest_route=%2Fwp%2Fv2%2Fproduct_cat&post=124"},{"taxonomy":"product_tag","embeddable":true,"href":"https:\/\/www.asinagumus.com\/index.php?rest_route=%2Fwp%2Fv2%2Fproduct_tag&post=124"}],"curies":[{"name":"wp","href":"https:\/\/api.w.org\/{rel}","templated":true}]}}