{"id":1887,"date":"2021-12-05T13:47:52","date_gmt":"2021-12-05T10:47:52","guid":{"rendered":"https:\/\/www.asinagumus.com\/?post_type=product&#038;p=1887"},"modified":"2026-01-10T16:36:47","modified_gmt":"2026-01-10T13:36:47","slug":"ay-swarovski-tasli-elmas-montur-yaka-ignesi-bros-sevgiliye-hediye","status":"publish","type":"product","link":"https:\/\/www.asinagumus.com\/?product=ay-swarovski-tasli-elmas-montur-yaka-ignesi-bros-sevgiliye-hediye","title":{"rendered":"Ay Bro\u015f Ta\u015fl\u0131 Elmas Mont\u00fcr Yaka \u0130\u011fnesi Sevgiliye Hediye"},"content":{"rendered":"<div>\n<p style=\"text-align: center;\"><span style=\"color: #ff0000;\"><strong>\u00dcr\u00fcn A\u00e7\u0131klamas\u0131:<\/strong><\/span><\/p>\n<div style=\"text-align: center;\">\n<div>\u00a0<strong>\u00a0<\/strong>\u00a0\u00a0\u00a0\u00a0\u00a0\u00a0\u00a0\u00a0\u00a0\u00a0<strong>Maden: Bronz, pirin\u00e7 do\u011fal maden ala\u015f\u0131m.<\/strong><\/div>\n<div><strong>Kullan\u0131lan Ta\u015f: Kristal<\/strong><\/div>\n<div><strong>\u00dcr\u00fcn\u00fcn Durumu: S\u0131f\u0131r\u00a0<\/strong><\/div>\n<\/div>\n<\/div>\n<div style=\"text-align: center;\">\n<div align=\"center\">\n<div>\n<div>\n<div><strong>\u00a0Ta\u015f olarak elmasa benzer \u00f6zel\u00a0\u00a0ta\u015flar kullan\u0131lm\u0131\u015ft\u0131r.\u00a0<\/strong><\/div>\n<div><strong>Ger\u00e7ek kuyumcu i\u015f\u00e7ili\u011fiyle \u00f6zenle haz\u0131rlanarak siz de\u011ferli m\u00fc\u015fterilerimize sunulmu\u015ftur.<\/strong><\/div>\n<div><strong>En iyi kalite ve sa\u011fl\u0131k dostu son moda \u00fcr\u00fcnlerdendir. Kararma ve alerji kesinlikle yapmaz.<\/strong><\/div>\n<div>\n<div align=\"center\">\n<div align=\"center\"><strong>T\u00fcm alm\u0131\u015f oldu\u011funuz \u00fcr\u00fcnlerle birlikte, faturan\u0131z g\u00f6nderilmektedir. Kargo po\u015fetinin cep k\u0131sm\u0131ndad\u0131r. \u00dcr\u00fcn\u00fcn\u00fcz\u00fc teslim al\u0131rken faturan\u0131z\u0131 almay\u0131 unutmay\u0131n\u0131z.<\/strong><\/div>\n<\/div>\n<div align=\"center\"><\/div>\n<\/div>\n<\/div>\n<\/div>\n<\/div>\n<\/div>\n<div align=\"center\">\n<div align=\"center\">\n<div style=\"text-align: center;\"><span style=\"color: #ff0000;\"><strong>Not:<\/strong>\u00a0\u00a0\u00a0\u00a0\u00a0\u00a0\u00a0\u00a0\u00a0<strong>\u00a0<\/strong>\u00a0\u00a0\u00a0\u00a0\u00a0\u00a0\u00a0<span style=\"color: #993300;\">\u00a0\u00a0<strong>Parf\u00fcm, deodorant, krem, sabun, alkol ve \u00e7ama\u015f\u0131r suyu gibi maddelerden uzak tutulmal\u0131d\u0131r.<\/strong><\/span><\/span><\/div>\n<div style=\"text-align: center;\"><\/div>\n<div>\n<div style=\"text-align: center;\"><span style=\"color: #ff0000;\"><strong>B\u00fct\u00fcn \u00fcr\u00fcnlerimiz hediye paketinde g\u00f6nderilir.<\/strong><\/span><\/div>\n<div style=\"text-align: center;\"><span style=\"color: #ff0000;\"><strong>Hediye notu yazmak i\u00e7in kart isterseniz mesaj g\u00f6nderebilirsiniz.<\/strong><\/span><\/div>\n<\/div>\n<\/div>\n<\/div>\n","protected":false},"excerpt":{"rendered":"<div>\n<p style=\"text-align: center;\"><span style=\"color: #ff0000;\"><strong>\u00dcr\u00fcn A\u00e7\u0131klamas\u0131:<\/strong><\/span><\/p>\n<div style=\"text-align: center;\">\n<div>\u00a0<strong>\u00a0<\/strong>\u00a0\u00a0\u00a0\u00a0\u00a0\u00a0\u00a0\u00a0\u00a0\u00a0<strong>Maden: Bronz, pirin\u00e7 do\u011fal maden ala\u015f\u0131m.<\/strong><\/div>\n<div><strong>Kullan\u0131lan Ta\u015f: Kristal<\/strong><\/div>\n<div><strong>\u00dcr\u00fcn\u00fcn Durumu: S\u0131f\u0131r\u00a0<\/strong><\/div>\n<\/div>\n<\/div>\n<div style=\"text-align: center;\">\n<div align=\"center\">\n<div>\n<div>\n<div><strong>\u00a0Ta\u015f olarak elmasa benzer \u00f6zel\u00a0\u00a0ta\u015flar kullan\u0131lm\u0131\u015ft\u0131r.\u00a0<\/strong><\/div>\n<div><strong>Ger\u00e7ek kuyumcu i\u015f\u00e7ili\u011fiyle \u00f6zenle haz\u0131rlanarak siz de\u011ferli m\u00fc\u015fterilerimize sunulmu\u015ftur.<\/strong><\/div>\n<div><strong>En iyi kalite ve sa\u011fl\u0131k dostu son moda \u00fcr\u00fcnlerdendir. Kararma ve alerji kesinlikle yapmaz.<\/strong><\/div>\n<div>\n<div align=\"center\">\n<div align=\"center\"><strong>T\u00fcm alm\u0131\u015f oldu\u011funuz \u00fcr\u00fcnlerle birlikte, faturan\u0131z g\u00f6nderilmektedir. Kargo po\u015fetinin cep k\u0131sm\u0131ndad\u0131r. \u00dcr\u00fcn\u00fcn\u00fcz\u00fc teslim al\u0131rken faturan\u0131z\u0131 almay\u0131 unutmay\u0131n\u0131z.<\/strong><\/div>\n<\/div>\n<div align=\"center\"><\/div>\n<\/div>\n<\/div>\n<\/div>\n<\/div>\n<\/div>\n<div align=\"center\">\n<div align=\"center\">\n<div style=\"text-align: center;\"><span style=\"color: #ff0000;\"><strong>Not:<\/strong>\u00a0\u00a0\u00a0\u00a0\u00a0\u00a0\u00a0\u00a0\u00a0<strong>\u00a0<\/strong>\u00a0\u00a0\u00a0\u00a0\u00a0\u00a0\u00a0<span style=\"color: #993300;\">\u00a0\u00a0<strong>Parf\u00fcm, deodorant, krem, sabun, alkol ve \u00e7ama\u015f\u0131r suyu gibi maddelerden uzak tutulmal\u0131d\u0131r.<\/strong><\/span><\/span><\/div>\n<div style=\"text-align: center;\"><\/div>\n<div>\n<div style=\"text-align: center;\"><span style=\"color: #ff0000;\"><strong>B\u00fct\u00fcn \u00fcr\u00fcnlerimiz hediye paketinde g\u00f6nderilir.<\/strong><\/span><\/div>\n<div style=\"text-align: center;\"><span style=\"color: #ff0000;\"><strong>Hediye notu yazmak i\u00e7in kart isterseniz mesaj g\u00f6nderebilirsiniz.<\/strong><\/span><\/div>\n<\/div>\n<\/div>\n<\/div>\n","protected":false},"featured_media":1890,"comment_status":"open","ping_status":"closed","template":"","meta":[],"product_brand":[],"product_cat":[20,22],"product_tag":[],"class_list":{"0":"post-1887","1":"product","2":"type-product","3":"status-publish","4":"has-post-thumbnail","6":"product_cat-bayan-elmas-montur-urunler","7":"product_cat-broslar-bayan-elmas-montur-urunler","9":"first","10":"instock","11":"sale","12":"featured","13":"shipping-taxable","14":"purchasable","15":"product-type-simple"},"_links":{"self":[{"href":"https:\/\/www.asinagumus.com\/index.php?rest_route=\/wp\/v2\/product\/1887","targetHints":{"allow":["GET"]}}],"collection":[{"href":"https:\/\/www.asinagumus.com\/index.php?rest_route=\/wp\/v2\/product"}],"about":[{"href":"https:\/\/www.asinagumus.com\/index.php?rest_route=\/wp\/v2\/types\/product"}],"replies":[{"embeddable":true,"href":"https:\/\/www.asinagumus.com\/index.php?rest_route=%2Fwp%2Fv2%2Fcomments&post=1887"}],"wp:featuredmedia":[{"embeddable":true,"href":"https:\/\/www.asinagumus.com\/index.php?rest_route=\/wp\/v2\/media\/1890"}],"wp:attachment":[{"href":"https:\/\/www.asinagumus.com\/index.php?rest_route=%2Fwp%2Fv2%2Fmedia&parent=1887"}],"wp:term":[{"taxonomy":"product_brand","embeddable":true,"href":"https:\/\/www.asinagumus.com\/index.php?rest_route=%2Fwp%2Fv2%2Fproduct_brand&post=1887"},{"taxonomy":"product_cat","embeddable":true,"href":"https:\/\/www.asinagumus.com\/index.php?rest_route=%2Fwp%2Fv2%2Fproduct_cat&post=1887"},{"taxonomy":"product_tag","embeddable":true,"href":"https:\/\/www.asinagumus.com\/index.php?rest_route=%2Fwp%2Fv2%2Fproduct_tag&post=1887"}],"curies":[{"name":"wp","href":"https:\/\/api.w.org\/{rel}","templated":true}]}}