{"id":1897,"date":"2021-12-19T21:57:18","date_gmt":"2021-12-19T18:57:18","guid":{"rendered":"https:\/\/www.asinagumus.com\/?post_type=product&#038;p=1897"},"modified":"2026-01-30T18:37:32","modified_gmt":"2026-01-30T15:37:32","slug":"istanbullu-gelin-sedef-tasli-gul-kolye-ucu-925-ayar-gumus","status":"publish","type":"product","link":"https:\/\/www.asinagumus.com\/?product=istanbullu-gelin-sedef-tasli-gul-kolye-ucu-925-ayar-gumus","title":{"rendered":"A\u015fina G\u00fcm\u00fc\u015f Sedef Ta\u015fl\u0131 G\u00fcl Kolye Ucu 925 Ayar G\u00fcm\u00fc\u015f"},"content":{"rendered":"<p><strong>\u00dcr\u00fcn A\u00e7\u0131klamas\u0131:<\/strong><\/p>\n<p>&nbsp;<\/p>\n<div align=\"center\"><strong>Maden: 925 Ayar G\u00fcm\u00fc\u015f<\/strong><\/div>\n<div align=\"center\"><\/div>\n<div align=\"center\"><strong>K\u0131ymetli Ta\u015f: Sedef<\/strong><\/div>\n<div align=\"center\">\n<div><strong>\u00dcr\u00fcn\u00fcn Durumu: S\u0131f\u0131r<\/strong><\/div>\n<div>\n<div>\u00a0\u00dcr\u00fcnlerimiz stokta mevcut \u00fcr\u00fcnlerdir.<\/div>\n<\/div>\n<\/div>\n<div align=\"center\">\n<h2>T\u00fcm alm\u0131\u015f oldu\u011funuz \u00fcr\u00fcnlerle birlikte, faturan\u0131z g\u00f6nderilmektedir. Kargo po\u015fetinin cep k\u0131sm\u0131ndad\u0131r. \u00dcr\u00fcn\u00fcn\u00fcz\u00fc teslim al\u0131rken faturan\u0131z\u0131 almay\u0131 unutmay\u0131n\u0131z.<\/h2>\n<\/div>\n<div align=\"center\">\n<div><strong>Not:<\/strong>\u00a0\u00a0\u00a0\u00a0\u00a0\u00a0\u00a0<strong>\u00a0<\/strong>\u00a0\u00a0\u00a0\u00a0\u00a0\u00a0\u00a0<strong>Parf\u00fcm, deodorant, krem, sabun, alkol ve \u00e7ama\u015f\u0131r suyu gibi maddelerden uzak tutulmal\u0131d\u0131r.<\/strong><\/div>\n<div><\/div>\n<div>\n<div><strong>B\u00fct\u00fcn \u00fcr\u00fcnlerimiz hediye paketinde g\u00f6nderilir.<\/strong><\/div>\n<div style=\"text-align: center;\"><strong>Hediye notu yazmak i\u00e7in kart isterseniz mesaj g\u00f6nderebilirsiniz.<\/strong><\/div>\n<\/div>\n<\/div>\n","protected":false},"excerpt":{"rendered":"<p>\u00dcr\u00fcn A\u00e7\u0131klamas\u0131: &nbsp; Maden: 925 Ayar G\u00fcm\u00fc\u015f K\u0131ymetli Ta\u015f: Sedef \u00dcr\u00fcn\u00fcn Durumu: S\u0131f\u0131r \u00a0\u00dcr\u00fcnlerimiz stokta mevcut \u00fcr\u00fcnlerdir. T\u00fcm alm\u0131\u015f oldu\u011funuz \u00fcr\u00fcnlerle birlikte, faturan\u0131z g\u00f6nderilmektedir. Kargo po\u015fetinin cep k\u0131sm\u0131ndad\u0131r. \u00dcr\u00fcn\u00fcn\u00fcz\u00fc teslim<\/p>\n","protected":false},"featured_media":1898,"comment_status":"open","ping_status":"closed","template":"","meta":[],"product_brand":[],"product_cat":[7,11],"product_tag":[],"class_list":{"0":"post-1897","1":"product","2":"type-product","3":"status-publish","4":"has-post-thumbnail","6":"product_cat-bayan-gumus-takilar","7":"product_cat-kolyeler","9":"first","10":"instock","11":"sale","12":"shipping-taxable","13":"purchasable","14":"product-type-simple"},"_links":{"self":[{"href":"https:\/\/www.asinagumus.com\/index.php?rest_route=\/wp\/v2\/product\/1897","targetHints":{"allow":["GET"]}}],"collection":[{"href":"https:\/\/www.asinagumus.com\/index.php?rest_route=\/wp\/v2\/product"}],"about":[{"href":"https:\/\/www.asinagumus.com\/index.php?rest_route=\/wp\/v2\/types\/product"}],"replies":[{"embeddable":true,"href":"https:\/\/www.asinagumus.com\/index.php?rest_route=%2Fwp%2Fv2%2Fcomments&post=1897"}],"wp:featuredmedia":[{"embeddable":true,"href":"https:\/\/www.asinagumus.com\/index.php?rest_route=\/wp\/v2\/media\/1898"}],"wp:attachment":[{"href":"https:\/\/www.asinagumus.com\/index.php?rest_route=%2Fwp%2Fv2%2Fmedia&parent=1897"}],"wp:term":[{"taxonomy":"product_brand","embeddable":true,"href":"https:\/\/www.asinagumus.com\/index.php?rest_route=%2Fwp%2Fv2%2Fproduct_brand&post=1897"},{"taxonomy":"product_cat","embeddable":true,"href":"https:\/\/www.asinagumus.com\/index.php?rest_route=%2Fwp%2Fv2%2Fproduct_cat&post=1897"},{"taxonomy":"product_tag","embeddable":true,"href":"https:\/\/www.asinagumus.com\/index.php?rest_route=%2Fwp%2Fv2%2Fproduct_tag&post=1897"}],"curies":[{"name":"wp","href":"https:\/\/api.w.org\/{rel}","templated":true}]}}