{"id":770,"date":"2016-10-28T13:38:15","date_gmt":"2016-10-28T10:38:15","guid":{"rendered":"http:\/\/www.asinagumus.com\/?post_type=product&#038;p=770"},"modified":"2026-01-30T18:53:14","modified_gmt":"2026-01-30T15:53:14","slug":"1-kalite-mavi-opal-el-fatma-ana-eli-gumus-kolye","status":"publish","type":"product","link":"https:\/\/www.asinagumus.com\/?product=1-kalite-mavi-opal-el-fatma-ana-eli-gumus-kolye","title":{"rendered":"A\u015fina G\u00fcm\u00fc\u015f &#8211; 925 Ayar G\u00fcm\u00fc\u015f Mavi Opal El Fatma Ana Eli G\u00fcm\u00fc\u015f Kolye Sevgiliye Hediye"},"content":{"rendered":"<p style=\"text-align: center;\"><img decoding=\"async\" src=\"https:\/\/sonmodashop.com\/image\/data\/asinagumusdukkan.jpg\" \/><\/p>\n<p style=\"text-align: center;\"><span style=\"color: #ff0000;\"><strong>\u00dcr\u00fcn A\u00e7\u0131klamas\u0131:<\/strong><\/span><\/p>\n<div style=\"text-align: center;\" align=\"center\">\n<div>Metal:\u00a0925 Ayar G\u00fcm\u00fc\u015f<\/div>\n<div>A\u011f\u0131rl\u0131k:\u00a01,3 gr<\/div>\n<div>Ta\u015f En:\u00a01,1 cm<\/div>\n<div>Ta\u015f Boy:\u00a01,3 cm<\/div>\n<div>Zincir Uzunluk:\u00a042 cm<\/div>\n<div><strong>Maden: 925 Ayar G\u00fcm\u00fc\u015f<\/strong><\/div>\n<\/div>\n<div style=\"text-align: center;\" align=\"center\"><strong><span style=\"font-family: 'Arial Black';\">Kullan\u0131lan Ta\u015f:\u00a0\u00a0Mavi Opal<\/span><\/strong><\/div>\n<div style=\"text-align: center;\" align=\"center\"><b>Kaplama Kalitesi: Rose Pembe Alt\u0131n Kapla<\/b> <b>ma<\/b><\/div>\n<div style=\"text-align: center;\" align=\"center\"><strong>\u00dcr\u00fcn\u00fcn Durumu: S\u0131f\u0131r<\/strong><\/div>\n<div style=\"text-align: center;\" align=\"center\"><strong>***ALMAK \u0130STED\u0130\u011e\u0130N\u0130Z Z\u0130NC\u0130R RENG\u0130N\u0130 BEL\u0130RT\u0130N\u0130Z***<\/strong><\/div>\n<div style=\"text-align: center;\" align=\"center\"><strong>Kolye Zincir Renkleri: Rose Pembe Alt\u0131n Kaplama, G\u00fcm\u00fc\u015f, Sar\u0131 Alt\u0131n Kaplama<\/strong><\/div>\n<div style=\"text-align: center;\" align=\"center\">\n<div>\n<div>\u00a0\u00dcr\u00fcnlerimiz stokta mevcut \u00fcr\u00fcnlerdir.<\/div>\n<\/div>\n<\/div>\n<div style=\"text-align: center;\" align=\"center\">Farkl\u0131 Tasar\u0131m ve Marka g\u00fcvencesiyle sizi farkl\u0131 k\u0131lacak bu modelimiz be\u011fenilerinize sunulmu\u015ftur.<\/div>\n<div style=\"text-align: center;\" align=\"center\"><\/div>\n<div align=\"center\">\n<div style=\"text-align: center;\"><span style=\"color: #ff0000;\"><strong>Not:<\/strong>\u00a0\u00a0\u00a0<span style=\"color: #800000;\"><strong>Parf\u00fcm, deodorant, krem, sabun, alkol ve \u00e7ama\u015f\u0131r suyu gibi maddelerden uzak tutulmal\u0131d\u0131r.<\/strong><\/span><\/span><\/div>\n<div style=\"text-align: center;\"><span style=\"color: #ff0000;\">\u00a0<\/span><\/div>\n<div style=\"text-align: center;\">\n<div><span style=\"color: #ff0000;\"><strong>B\u00fct\u00fcn \u00fcr\u00fcnlerimiz hediye paketinde g\u00f6nderilir.<\/strong><\/span><\/div>\n<\/div>\n<\/div>\n<div style=\"text-align: center;\" align=\"center\"><span style=\"color: #ff0000;\"><strong>Hediye notu yazmak i\u00e7in kart isterseniz mesaj g\u00f6nderebilirsiniz.<\/strong><\/span><\/div>\n<div style=\"text-align: center;\" align=\"center\"><\/div>\n<div style=\"text-align: center;\" align=\"center\"><span style=\"color: #0000ff; font-size: 18pt;\"><a style=\"color: #0000ff;\" href=\"https:\/\/arama.gittigidiyor.com\/?aramasatici=asinagumus\">Di\u011fer \u00dcr\u00fcnler \u0130\u00e7in T\u0131klay\u0131n\u0131z&#8230;<\/a><\/span><\/div>\n<div style=\"text-align: center;\" align=\"center\"><\/div>\n<div style=\"text-align: center;\" align=\"center\"><\/div>\n<div align=\"center\"><\/div>\n<div align=\"center\"><img decoding=\"async\" src=\"https:\/\/sonmodashop.com\/image\/data\/asinagumusanafoto.png\" \/><\/div>\n","protected":false},"excerpt":{"rendered":"<p>\u00dcr\u00fcn A\u00e7\u0131klamas\u0131: Metal:\u00a0925 Ayar G\u00fcm\u00fc\u015f A\u011f\u0131rl\u0131k:\u00a01,3 gr Ta\u015f En:\u00a01,1 cm Ta\u015f Boy:\u00a01,3 cm Zincir Uzunluk:\u00a042 cm Maden: 925 Ayar G\u00fcm\u00fc\u015f Kullan\u0131lan Ta\u015f:\u00a0\u00a0Mavi Opal Kaplama Kalitesi: Rose Pembe Alt\u0131n Kapla ma<\/p>\n","protected":false},"featured_media":920,"comment_status":"open","ping_status":"closed","template":"","meta":[],"product_brand":[],"product_cat":[7,11],"product_tag":[88,91],"class_list":{"0":"post-770","1":"product","2":"type-product","3":"status-publish","4":"has-post-thumbnail","6":"product_cat-bayan-gumus-takilar","7":"product_cat-kolyeler","8":"product_tag-anneler-gunu","9":"product_tag-kiz-arkadasa-hediye","11":"first","12":"instock","13":"sale","14":"shipping-taxable","15":"purchasable","16":"product-type-simple"},"_links":{"self":[{"href":"https:\/\/www.asinagumus.com\/index.php?rest_route=\/wp\/v2\/product\/770","targetHints":{"allow":["GET"]}}],"collection":[{"href":"https:\/\/www.asinagumus.com\/index.php?rest_route=\/wp\/v2\/product"}],"about":[{"href":"https:\/\/www.asinagumus.com\/index.php?rest_route=\/wp\/v2\/types\/product"}],"replies":[{"embeddable":true,"href":"https:\/\/www.asinagumus.com\/index.php?rest_route=%2Fwp%2Fv2%2Fcomments&post=770"}],"wp:featuredmedia":[{"embeddable":true,"href":"https:\/\/www.asinagumus.com\/index.php?rest_route=\/wp\/v2\/media\/920"}],"wp:attachment":[{"href":"https:\/\/www.asinagumus.com\/index.php?rest_route=%2Fwp%2Fv2%2Fmedia&parent=770"}],"wp:term":[{"taxonomy":"product_brand","embeddable":true,"href":"https:\/\/www.asinagumus.com\/index.php?rest_route=%2Fwp%2Fv2%2Fproduct_brand&post=770"},{"taxonomy":"product_cat","embeddable":true,"href":"https:\/\/www.asinagumus.com\/index.php?rest_route=%2Fwp%2Fv2%2Fproduct_cat&post=770"},{"taxonomy":"product_tag","embeddable":true,"href":"https:\/\/www.asinagumus.com\/index.php?rest_route=%2Fwp%2Fv2%2Fproduct_tag&post=770"}],"curies":[{"name":"wp","href":"https:\/\/api.w.org\/{rel}","templated":true}]}}