{"id":887,"date":"2017-08-30T10:38:25","date_gmt":"2017-08-30T07:38:25","guid":{"rendered":"http:\/\/www.asinagumus.com\/?post_type=product&#038;p=887"},"modified":"2026-01-10T16:55:09","modified_gmt":"2026-01-10T13:55:09","slug":"muhtesem-yuzyil-osmanli-motif-elmas-gerdanlik","status":"publish","type":"product","link":"https:\/\/www.asinagumus.com\/?product=muhtesem-yuzyil-osmanli-motif-elmas-gerdanlik","title":{"rendered":"A\u015fina G\u00fcm\u00fc\u015f Muhte\u015fem Y\u00fczy\u0131l Osmanl\u0131 Motif Elmas Mont\u00fcr Gerdanl\u0131k &#8211; Sevgiliye Hediye"},"content":{"rendered":"<p><img decoding=\"async\" src=\"https:\/\/sonmodashop.com\/image\/data\/asinagumusdukkan.jpg\" \/><\/p>\n<div>\n<p style=\"text-align: center;\"><span style=\"color: #ff0000;\"><strong>\u00dcr\u00fcn A\u00e7\u0131klamas\u0131:<\/strong><\/span><\/p>\n<div style=\"text-align: center;\">\n<div>\u00a0<strong>\u00a0<\/strong>\u00a0\u00a0\u00a0\u00a0\u00a0\u00a0\u00a0\u00a0\u00a0\u00a0<strong>Maden: Bronz, pirin\u00e7 do\u011fal maden ala\u015f\u0131m.<\/strong><\/div>\n<div><strong>Kullan\u0131lan Ta\u015f: Kristal<\/strong><\/div>\n<div><strong>\u00dcr\u00fcn\u00fcn Durumu: S\u0131f\u0131r\u00a0<\/strong><\/div>\n<\/div>\n<\/div>\n<div style=\"text-align: left;\">\n<div align=\"center\">\n<div style=\"text-align: center;\"><strong>\u00a0Ta\u015f olarak elmasa benzer \u00f6zel\u00a0\u00a0ta\u015flar kullan\u0131lm\u0131\u015ft\u0131r. <\/strong><strong>Ger\u00e7ek kuyumcu i\u015f\u00e7ili\u011fiyle \u00f6zenle haz\u0131rlanarak siz de\u011ferli m\u00fc\u015fterilerimize sunulmu\u015ftur.\u00a0<\/strong><strong>En iyi kalite ve sa\u011fl\u0131k dostu son moda \u00fcr\u00fcnlerdendir. Kararma ve alerji kesinlikle yapmaz.\u00a0<\/strong><strong>T\u00fcm alm\u0131\u015f oldu\u011funuz \u00fcr\u00fcnlerle birlikte, faturan\u0131z g\u00f6nderilmektedir. Kargo po\u015fetinin cep k\u0131sm\u0131ndad\u0131r. \u00dcr\u00fcn\u00fcn\u00fcz\u00fc teslim al\u0131rken faturan\u0131z\u0131 almay\u0131 unutmay\u0131n\u0131z.<\/strong><\/div>\n<div>\n<div style=\"text-align: center;\" align=\"center\"><strong>Not:<\/strong>\u00a0\u00a0\u00a0\u00a0\u00a0\u00a0\u00a0\u00a0\u00a0<strong>\u00a0<\/strong>\u00a0\u00a0\u00a0\u00a0\u00a0\u00a0<span style=\"color: #800000;\">\u00a0\u00a0\u00a0<strong>Parf\u00fcm, deodorant, krem, sabun, alkol ve \u00e7ama\u015f\u0131r suyu gibi maddelerden uzak tutulmal\u0131d\u0131r.<\/strong><\/span><\/div>\n<\/div>\n<\/div>\n<\/div>\n<div align=\"center\">\n<div align=\"center\">\n<div style=\"text-align: left;\"><span style=\"color: #ff0000;\">\u00a0<\/span><\/div>\n<div>\n<div style=\"text-align: center;\"><span style=\"color: #ff0000;\"><strong>B\u00fct\u00fcn \u00fcr\u00fcnlerimiz hediye paketinde g\u00f6nderilir.<\/strong><\/span><\/div>\n<div style=\"text-align: center;\"><span style=\"color: #ff0000;\"><strong>Hediye notu yazmak i\u00e7in kart isterseniz mesaj g\u00f6nderebilirsiniz.<\/strong><\/span><\/div>\n<\/div>\n<div style=\"text-align: center;\"><\/div>\n<div style=\"text-align: center;\"><\/div>\n<div style=\"text-align: center;\"><span style=\"color: #0000ff; font-size: 18pt;\"><strong><a style=\"color: #0000ff;\" href=\"https:\/\/arama.gittigidiyor.com\/?aramasatici=asinagumus\">Di\u011fer \u00dcr\u00fcnler \u0130\u00e7in T\u0131klay\u0131n\u0131z&#8230;<\/a><\/strong><\/span><\/div>\n<div><span style=\"font-size: 18pt;\">\u00a0<\/span><\/div>\n<\/div>\n<\/div>\n<p><img decoding=\"async\" src=\"https:\/\/sonmodashop.com\/image\/data\/asinagumusanafoto.png\" \/><\/p>\n","protected":false},"excerpt":{"rendered":"<p>\u00dcr\u00fcn A\u00e7\u0131klamas\u0131: \u00a0\u00a0\u00a0\u00a0\u00a0\u00a0\u00a0\u00a0\u00a0\u00a0\u00a0\u00a0Maden: Bronz, pirin\u00e7 do\u011fal maden ala\u015f\u0131m. Kullan\u0131lan Ta\u015f: Kristal \u00dcr\u00fcn\u00fcn Durumu: S\u0131f\u0131r\u00a0 \u00a0Ta\u015f olarak elmasa benzer \u00f6zel\u00a0\u00a0ta\u015flar kullan\u0131lm\u0131\u015ft\u0131r. Ger\u00e7ek kuyumcu i\u015f\u00e7ili\u011fiyle \u00f6zenle haz\u0131rlanarak siz de\u011ferli m\u00fc\u015fterilerimize sunulmu\u015ftur.\u00a0En iyi<\/p>\n","protected":false},"featured_media":1317,"comment_status":"open","ping_status":"closed","template":"","meta":[],"product_brand":[],"product_cat":[20,23],"product_tag":[88,91],"class_list":{"0":"post-887","1":"product","2":"type-product","3":"status-publish","4":"has-post-thumbnail","6":"product_cat-bayan-elmas-montur-urunler","7":"product_cat-kolyeler-bayan-elmas-montur-urunler","8":"product_tag-anneler-gunu","9":"product_tag-kiz-arkadasa-hediye","11":"first","12":"instock","13":"sale","14":"shipping-taxable","15":"purchasable","16":"product-type-simple"},"_links":{"self":[{"href":"https:\/\/www.asinagumus.com\/index.php?rest_route=\/wp\/v2\/product\/887","targetHints":{"allow":["GET"]}}],"collection":[{"href":"https:\/\/www.asinagumus.com\/index.php?rest_route=\/wp\/v2\/product"}],"about":[{"href":"https:\/\/www.asinagumus.com\/index.php?rest_route=\/wp\/v2\/types\/product"}],"replies":[{"embeddable":true,"href":"https:\/\/www.asinagumus.com\/index.php?rest_route=%2Fwp%2Fv2%2Fcomments&post=887"}],"wp:featuredmedia":[{"embeddable":true,"href":"https:\/\/www.asinagumus.com\/index.php?rest_route=\/wp\/v2\/media\/1317"}],"wp:attachment":[{"href":"https:\/\/www.asinagumus.com\/index.php?rest_route=%2Fwp%2Fv2%2Fmedia&parent=887"}],"wp:term":[{"taxonomy":"product_brand","embeddable":true,"href":"https:\/\/www.asinagumus.com\/index.php?rest_route=%2Fwp%2Fv2%2Fproduct_brand&post=887"},{"taxonomy":"product_cat","embeddable":true,"href":"https:\/\/www.asinagumus.com\/index.php?rest_route=%2Fwp%2Fv2%2Fproduct_cat&post=887"},{"taxonomy":"product_tag","embeddable":true,"href":"https:\/\/www.asinagumus.com\/index.php?rest_route=%2Fwp%2Fv2%2Fproduct_tag&post=887"}],"curies":[{"name":"wp","href":"https:\/\/api.w.org\/{rel}","templated":true}]}}